{"id":273,"date":"2017-03-09T08:21:28","date_gmt":"2017-03-09T08:21:28","guid":{"rendered":"http:\/\/www.mihca.net\/?page_id=273"},"modified":"2017-04-26T10:03:16","modified_gmt":"2017-04-26T10:03:16","slug":"essen","status":"publish","type":"page","link":"https:\/\/www.ligne-roset-aschaffenburg.de\/index.php\/essen\/","title":{"rendered":"Essen"},"content":{"rendered":"<div id=\"pl-273\"  class=\"panel-layout\" ><div id=\"pg-273-0\"  class=\"panel-grid panel-has-style\" ><div style=\"padding: 50px 0; \" data-overlay=\"true\" data-overlay-color=\"#000000\" class=\"panel-row-style panel-row-style-for-273-0\" ><div id=\"pgc-273-0-0\"  class=\"panel-grid-cell\" ><div id=\"panel-273-0-0-0\" class=\"so-panel widget widget_text panel-first-child panel-last-child\" data-index=\"0\" ><div style=\"text-align: center;\" data-title-color=\"#443f3f\" data-headings-color=\"#443f3f\" class=\"panel-widget-style panel-widget-style-for-273-0-0-0\" ><h3 class=\"widget-title\">ESSTISCHE<\/h3>\t\t\t<div class=\"textwidget\"><p>Die Esstische von Ligne Roset kombinieren Design und Geselligkeit. Eine Auswahl an modernen rechteckigen, runden oder erweiterten Tischen, die Ihren W\u00fcnschen und Lebensstilen entsprechen.<\/p>\n<\/div>\n\t\t<\/div><\/div><\/div><div id=\"pgc-273-0-1\"  class=\"panel-grid-cell\" ><div id=\"panel-273-0-1-0\" class=\"so-panel widget widget_text panel-first-child\" data-index=\"1\" ><div style=\"text-align: left;\" data-title-color=\"#443f3f\" data-headings-color=\"#443f3f\" class=\"panel-widget-style panel-widget-style-for-273-0-1-0\" ><h3 class=\"widget-title\">EATON<\/h3>\t\t\t<div class=\"textwidget\"><\/div>\n\t\t<\/div><\/div><div id=\"panel-273-0-1-1\" class=\"so-panel widget widget_sow-image panel-last-child\" data-index=\"2\" ><div style=\"text-align: left;\" data-title-color=\"#443f3f\" data-headings-color=\"#443f3f\" class=\"panel-widget-style panel-widget-style-for-273-0-1-1\" ><div\n\t\t\t\n\t\t\tclass=\"so-widget-sow-image so-widget-sow-image-default-17bc2272b535-273\"\n\t\t\t\n\t\t>\n\n<div class=\"sow-image-container\">\n\t\t<img src=\"https:\/\/www.ligne-roset-aschaffenburg.de\/wp-content\/uploads\/2017\/03\/eaton_esstische_720x393-350x191.jpg\" width=\"350\" height=\"191\" srcset=\"https:\/\/www.ligne-roset-aschaffenburg.de\/wp-content\/uploads\/2017\/03\/eaton_esstische_720x393-350x191.jpg 350w, https:\/\/www.ligne-roset-aschaffenburg.de\/wp-content\/uploads\/2017\/03\/eaton_esstische_720x393-300x164.jpg 300w, https:\/\/www.ligne-roset-aschaffenburg.de\/wp-content\/uploads\/2017\/03\/eaton_esstische_720x393-230x126.jpg 230w, https:\/\/www.ligne-roset-aschaffenburg.de\/wp-content\/uploads\/2017\/03\/eaton_esstische_720x393-480x262.jpg 480w, https:\/\/www.ligne-roset-aschaffenburg.de\/wp-content\/uploads\/2017\/03\/eaton_esstische_720x393.jpg 720w\" sizes=\"(max-width: 350px) 100vw, 350px\" alt=\"Eaton Ligne Roset Studio Aschaffenburg\" loading=\"lazy\" \t\tclass=\"so-widget-image\"\/>\n\t<\/div>\n\n<\/div><\/div><\/div><\/div><\/div><\/div><div id=\"pg-273-1\"  class=\"panel-grid panel-has-style\" ><div style=\"padding: 100px 0; \" data-overlay=\"true\" class=\"panel-row-style panel-row-style-for-273-1\" ><div id=\"pgc-273-1-0\"  class=\"panel-grid-cell\" ><div id=\"panel-273-1-0-0\" class=\"so-panel widget widget_text panel-first-child\" data-index=\"3\" ><div style=\"text-align: left;\" data-title-color=\"#443f3f\" data-headings-color=\"#443f3f\" class=\"panel-widget-style panel-widget-style-for-273-1-0-0\" ><h3 class=\"widget-title\">ODESSA<\/h3>\t\t\t<div class=\"textwidget\"><\/div>\n\t\t<\/div><\/div><div id=\"panel-273-1-0-1\" class=\"so-panel widget widget_sow-image panel-last-child\" data-index=\"4\" ><div style=\"text-align: left;\" data-title-color=\"#443f3f\" data-headings-color=\"#443f3f\" class=\"panel-widget-style panel-widget-style-for-273-1-0-1\" ><div\n\t\t\t\n\t\t\tclass=\"so-widget-sow-image so-widget-sow-image-default-17bc2272b535-273\"\n\t\t\t\n\t\t>\n\n<div class=\"sow-image-container\">\n\t\t<img src=\"https:\/\/www.ligne-roset-aschaffenburg.de\/wp-content\/uploads\/2017\/03\/odessa_esstische_720x393-350x191.jpg\" width=\"350\" height=\"191\" srcset=\"https:\/\/www.ligne-roset-aschaffenburg.de\/wp-content\/uploads\/2017\/03\/odessa_esstische_720x393-350x191.jpg 350w, https:\/\/www.ligne-roset-aschaffenburg.de\/wp-content\/uploads\/2017\/03\/odessa_esstische_720x393-300x164.jpg 300w, https:\/\/www.ligne-roset-aschaffenburg.de\/wp-content\/uploads\/2017\/03\/odessa_esstische_720x393-230x126.jpg 230w, https:\/\/www.ligne-roset-aschaffenburg.de\/wp-content\/uploads\/2017\/03\/odessa_esstische_720x393-480x262.jpg 480w, https:\/\/www.ligne-roset-aschaffenburg.de\/wp-content\/uploads\/2017\/03\/odessa_esstische_720x393.jpg 720w\" sizes=\"(max-width: 350px) 100vw, 350px\" alt=\"Odessa Ligne Roset Studio Aschaffenburg\" loading=\"lazy\" \t\tclass=\"so-widget-image\"\/>\n\t<\/div>\n\n<\/div><\/div><\/div><\/div><div id=\"pgc-273-1-1\"  class=\"panel-grid-cell\" ><div id=\"panel-273-1-1-0\" class=\"so-panel widget widget_text panel-first-child\" data-index=\"5\" ><div style=\"text-align: left;\" data-title-color=\"#443f3f\" data-headings-color=\"#443f3f\" class=\"panel-widget-style panel-widget-style-for-273-1-1-0\" ><h3 class=\"widget-title\">DEHORS<\/h3>\t\t\t<div class=\"textwidget\"><\/div>\n\t\t<\/div><\/div><div id=\"panel-273-1-1-1\" class=\"so-panel widget widget_sow-image panel-last-child\" data-index=\"6\" ><div style=\"text-align: left;\" data-title-color=\"#443f3f\" data-headings-color=\"#443f3f\" class=\"panel-widget-style panel-widget-style-for-273-1-1-1\" ><div\n\t\t\t\n\t\t\tclass=\"so-widget-sow-image so-widget-sow-image-default-17bc2272b535-273\"\n\t\t\t\n\t\t>\n\n<div class=\"sow-image-container\">\n\t\t<img src=\"https:\/\/www.ligne-roset-aschaffenburg.de\/wp-content\/uploads\/2017\/03\/nani_tischleuchten_720x3934-350x191.jpg\" width=\"350\" height=\"191\" srcset=\"https:\/\/www.ligne-roset-aschaffenburg.de\/wp-content\/uploads\/2017\/03\/nani_tischleuchten_720x3934-350x191.jpg 350w, https:\/\/www.ligne-roset-aschaffenburg.de\/wp-content\/uploads\/2017\/03\/nani_tischleuchten_720x3934-300x164.jpg 300w, https:\/\/www.ligne-roset-aschaffenburg.de\/wp-content\/uploads\/2017\/03\/nani_tischleuchten_720x3934-230x126.jpg 230w, https:\/\/www.ligne-roset-aschaffenburg.de\/wp-content\/uploads\/2017\/03\/nani_tischleuchten_720x3934-480x262.jpg 480w, https:\/\/www.ligne-roset-aschaffenburg.de\/wp-content\/uploads\/2017\/03\/nani_tischleuchten_720x3934.jpg 720w\" sizes=\"(max-width: 350px) 100vw, 350px\" title=\"esstische_720x393\" alt=\"Esstisch Roset Studio Studio Aschaffenburg\" loading=\"lazy\" \t\tclass=\"so-widget-image\"\/>\n\t<\/div>\n\n<\/div><\/div><\/div><\/div><\/div><\/div><div id=\"pg-273-2\"  class=\"panel-grid panel-has-style\" ><div style=\"padding: 100px 0; \" data-overlay=\"true\" class=\"panel-row-style panel-row-style-for-273-2\" ><div id=\"pgc-273-2-0\"  class=\"panel-grid-cell\" ><div id=\"panel-273-2-0-0\" class=\"so-panel widget widget_text panel-first-child panel-last-child\" data-index=\"7\" ><div style=\"text-align: left;\" data-title-color=\"#443f3f\" data-headings-color=\"#443f3f\" class=\"panel-widget-style panel-widget-style-for-273-2-0-0\" ><h3 class=\"widget-title\">ST\u00dcHLE<\/h3>\t\t\t<div class=\"textwidget\">Ein ansprechender Charakter, ein bequemer Sitz, eine gepflegte Ausf\u00fchrung: So sind die St\u00fchle und Hocker von Ligne Roset konzipiert. Unerl\u00e4sslich f\u00fcr die K\u00fcche oder ein modernes Esszimmer.<\/div>\n\t\t<\/div><\/div><\/div><div id=\"pgc-273-2-1\"  class=\"panel-grid-cell\" ><div id=\"panel-273-2-1-0\" class=\"so-panel widget widget_text panel-first-child\" data-index=\"8\" ><div style=\"text-align: left;\" data-title-color=\"#443f3f\" data-headings-color=\"#443f3f\" class=\"panel-widget-style panel-widget-style-for-273-2-1-0\" ><h3 class=\"widget-title\">SALA<\/h3>\t\t\t<div class=\"textwidget\"><\/div>\n\t\t<\/div><\/div><div id=\"panel-273-2-1-1\" class=\"so-panel widget widget_sow-image panel-last-child\" data-index=\"9\" ><div style=\"text-align: left;\" data-title-color=\"#443f3f\" data-headings-color=\"#443f3f\" class=\"panel-widget-style panel-widget-style-for-273-2-1-1\" ><div\n\t\t\t\n\t\t\tclass=\"so-widget-sow-image so-widget-sow-image-default-17bc2272b535-273\"\n\t\t\t\n\t\t>\n\n<div class=\"sow-image-container\">\n\t\t<img src=\"https:\/\/www.ligne-roset-aschaffenburg.de\/wp-content\/uploads\/2017\/03\/sala_st__hle_720x393-350x191.jpg\" width=\"350\" height=\"191\" srcset=\"https:\/\/www.ligne-roset-aschaffenburg.de\/wp-content\/uploads\/2017\/03\/sala_st__hle_720x393-350x191.jpg 350w, https:\/\/www.ligne-roset-aschaffenburg.de\/wp-content\/uploads\/2017\/03\/sala_st__hle_720x393-300x164.jpg 300w, https:\/\/www.ligne-roset-aschaffenburg.de\/wp-content\/uploads\/2017\/03\/sala_st__hle_720x393-230x126.jpg 230w, https:\/\/www.ligne-roset-aschaffenburg.de\/wp-content\/uploads\/2017\/03\/sala_st__hle_720x393-480x262.jpg 480w, https:\/\/www.ligne-roset-aschaffenburg.de\/wp-content\/uploads\/2017\/03\/sala_st__hle_720x393.jpg 720w\" sizes=\"(max-width: 350px) 100vw, 350px\" alt=\"Sala Ligne Roset Studio Aschaffenburg\" loading=\"lazy\" \t\tclass=\"so-widget-image\"\/>\n\t<\/div>\n\n<\/div><\/div><\/div><\/div><\/div><\/div><div id=\"pg-273-3\"  class=\"panel-grid panel-has-style\" ><div style=\"padding: 100px 0; \" data-overlay=\"true\" class=\"panel-row-style panel-row-style-for-273-3\" ><div id=\"pgc-273-3-0\"  class=\"panel-grid-cell\" ><div id=\"panel-273-3-0-0\" class=\"so-panel widget widget_text panel-first-child\" data-index=\"10\" ><div style=\"text-align: left;\" data-title-color=\"#443f3f\" data-headings-color=\"#443f3f\" class=\"panel-widget-style panel-widget-style-for-273-3-0-0\" ><h3 class=\"widget-title\">SLIM CHAIR<\/h3>\t\t\t<div class=\"textwidget\"><\/div>\n\t\t<\/div><\/div><div id=\"panel-273-3-0-1\" class=\"so-panel widget widget_sow-image panel-last-child\" data-index=\"11\" ><div style=\"text-align: left;\" data-title-color=\"#443f3f\" data-headings-color=\"#443f3f\" class=\"panel-widget-style panel-widget-style-for-273-3-0-1\" ><div\n\t\t\t\n\t\t\tclass=\"so-widget-sow-image so-widget-sow-image-default-17bc2272b535-273\"\n\t\t\t\n\t\t>\n\n<div class=\"sow-image-container\">\n\t\t<img src=\"https:\/\/www.ligne-roset-aschaffenburg.de\/wp-content\/uploads\/2017\/03\/slim_chair_st__hle_720x393-350x191.jpg\" width=\"350\" height=\"191\" srcset=\"https:\/\/www.ligne-roset-aschaffenburg.de\/wp-content\/uploads\/2017\/03\/slim_chair_st__hle_720x393-350x191.jpg 350w, https:\/\/www.ligne-roset-aschaffenburg.de\/wp-content\/uploads\/2017\/03\/slim_chair_st__hle_720x393-300x164.jpg 300w, https:\/\/www.ligne-roset-aschaffenburg.de\/wp-content\/uploads\/2017\/03\/slim_chair_st__hle_720x393-230x126.jpg 230w, https:\/\/www.ligne-roset-aschaffenburg.de\/wp-content\/uploads\/2017\/03\/slim_chair_st__hle_720x393-480x262.jpg 480w, https:\/\/www.ligne-roset-aschaffenburg.de\/wp-content\/uploads\/2017\/03\/slim_chair_st__hle_720x393.jpg 720w\" sizes=\"(max-width: 350px) 100vw, 350px\" alt=\"Slim Chair Ligne Roset Studio Aschaffenburg\" loading=\"lazy\" \t\tclass=\"so-widget-image\"\/>\n\t<\/div>\n\n<\/div><\/div><\/div><\/div><div id=\"pgc-273-3-1\"  class=\"panel-grid-cell\" ><div id=\"panel-273-3-1-0\" class=\"so-panel widget widget_text panel-first-child\" data-index=\"12\" ><div style=\"text-align: left;\" data-title-color=\"#443f3f\" data-headings-color=\"#443f3f\" class=\"panel-widget-style panel-widget-style-for-273-3-1-0\" ><h3 class=\"widget-title\">ILOT<\/h3>\t\t\t<div class=\"textwidget\"><\/div>\n\t\t<\/div><\/div><div id=\"panel-273-3-1-1\" class=\"so-panel widget widget_sow-image panel-last-child\" data-index=\"13\" ><div style=\"text-align: left;\" data-title-color=\"#443f3f\" data-headings-color=\"#443f3f\" class=\"panel-widget-style panel-widget-style-for-273-3-1-1\" ><div\n\t\t\t\n\t\t\tclass=\"so-widget-sow-image so-widget-sow-image-default-17bc2272b535-273\"\n\t\t\t\n\t\t>\n\n<div class=\"sow-image-container\">\n\t\t<img src=\"https:\/\/www.ligne-roset-aschaffenburg.de\/wp-content\/uploads\/2017\/03\/ilot_st__hle_720x393-350x191.jpg\" width=\"350\" height=\"191\" srcset=\"https:\/\/www.ligne-roset-aschaffenburg.de\/wp-content\/uploads\/2017\/03\/ilot_st__hle_720x393-350x191.jpg 350w, https:\/\/www.ligne-roset-aschaffenburg.de\/wp-content\/uploads\/2017\/03\/ilot_st__hle_720x393-300x164.jpg 300w, https:\/\/www.ligne-roset-aschaffenburg.de\/wp-content\/uploads\/2017\/03\/ilot_st__hle_720x393-230x126.jpg 230w, https:\/\/www.ligne-roset-aschaffenburg.de\/wp-content\/uploads\/2017\/03\/ilot_st__hle_720x393-480x262.jpg 480w, https:\/\/www.ligne-roset-aschaffenburg.de\/wp-content\/uploads\/2017\/03\/ilot_st__hle_720x393.jpg 720w\" sizes=\"(max-width: 350px) 100vw, 350px\" alt=\"Ilot Ligne Roset Studio Aschaffenburg\" loading=\"lazy\" \t\tclass=\"so-widget-image\"\/>\n\t<\/div>\n\n<\/div><\/div><\/div><\/div><\/div><\/div><\/div>","protected":false},"excerpt":{"rendered":"<p>Die Esstische von Ligne Roset kombinieren Design und Geselligkeit. Eine Auswahl an modernen rechteckigen, runden oder erweiterten Tischen, die Ihren W\u00fcnschen und [&hellip;]<\/p>\n","protected":false},"author":1,"featured_media":0,"parent":0,"menu_order":0,"comment_status":"closed","ping_status":"closed","template":"page-templates\/page_fullwidth.php","meta":[],"yoast_head":"<!-- This site is optimized with the Yoast SEO plugin v19.9 - https:\/\/yoast.com\/wordpress\/plugins\/seo\/ -->\n<title>Essen | Ligne Roset Studio Aschaffenburg<\/title>\n<meta name=\"description\" content=\"Die Esstische von Ligne Roset kombinieren Design und Geselligkeit:\" \/>\n<meta name=\"robots\" content=\"index, follow, max-snippet:-1, max-image-preview:large, max-video-preview:-1\" \/>\n<link rel=\"canonical\" href=\"https:\/\/www.ligne-roset-aschaffenburg.de\/index.php\/essen\/\" \/>\n<meta property=\"og:locale\" content=\"de_DE\" \/>\n<meta property=\"og:type\" content=\"article\" \/>\n<meta property=\"og:title\" content=\"Essen | Ligne Roset Studio Aschaffenburg\" \/>\n<meta property=\"og:description\" content=\"Die Esstische von Ligne Roset kombinieren Design und Geselligkeit:\" \/>\n<meta property=\"og:url\" content=\"https:\/\/www.ligne-roset-aschaffenburg.de\/index.php\/essen\/\" \/>\n<meta property=\"og:site_name\" content=\"Ligne Roset\" \/>\n<meta property=\"article:modified_time\" content=\"2017-04-26T10:03:16+00:00\" \/>\n<meta property=\"og:image\" content=\"http:\/\/www.ligne-roset-aschaffenburg.de\/wp-content\/uploads\/2017\/03\/eaton_esstische_720x393-350x191.jpg\" \/>\n<meta name=\"twitter:card\" content=\"summary_large_image\" \/>\n<script type=\"application\/ld+json\" class=\"yoast-schema-graph\">{\"@context\":\"https:\/\/schema.org\",\"@graph\":[{\"@type\":\"WebPage\",\"@id\":\"https:\/\/www.ligne-roset-aschaffenburg.de\/index.php\/essen\/\",\"url\":\"https:\/\/www.ligne-roset-aschaffenburg.de\/index.php\/essen\/\",\"name\":\"Essen | Ligne Roset Studio Aschaffenburg\",\"isPartOf\":{\"@id\":\"https:\/\/www.ligne-roset-aschaffenburg.de\/#website\"},\"datePublished\":\"2017-03-09T08:21:28+00:00\",\"dateModified\":\"2017-04-26T10:03:16+00:00\",\"description\":\"Die Esstische von Ligne Roset kombinieren Design und Geselligkeit:\",\"breadcrumb\":{\"@id\":\"https:\/\/www.ligne-roset-aschaffenburg.de\/index.php\/essen\/#breadcrumb\"},\"inLanguage\":\"de\",\"potentialAction\":[{\"@type\":\"ReadAction\",\"target\":[\"https:\/\/www.ligne-roset-aschaffenburg.de\/index.php\/essen\/\"]}]},{\"@type\":\"BreadcrumbList\",\"@id\":\"https:\/\/www.ligne-roset-aschaffenburg.de\/index.php\/essen\/#breadcrumb\",\"itemListElement\":[{\"@type\":\"ListItem\",\"position\":1,\"name\":\"Home\",\"item\":\"https:\/\/www.ligne-roset-aschaffenburg.de\/\"},{\"@type\":\"ListItem\",\"position\":2,\"name\":\"Essen\"}]},{\"@type\":\"WebSite\",\"@id\":\"https:\/\/www.ligne-roset-aschaffenburg.de\/#website\",\"url\":\"https:\/\/www.ligne-roset-aschaffenburg.de\/\",\"name\":\"Ligne Roset\",\"description\":\"in Aschaffenburg\",\"potentialAction\":[{\"@type\":\"SearchAction\",\"target\":{\"@type\":\"EntryPoint\",\"urlTemplate\":\"https:\/\/www.ligne-roset-aschaffenburg.de\/?s={search_term_string}\"},\"query-input\":\"required name=search_term_string\"}],\"inLanguage\":\"de\"}]}<\/script>\n<!-- \/ Yoast SEO plugin. -->","yoast_head_json":{"title":"Essen | Ligne Roset Studio Aschaffenburg","description":"Die Esstische von Ligne Roset kombinieren Design und Geselligkeit:","robots":{"index":"index","follow":"follow","max-snippet":"max-snippet:-1","max-image-preview":"max-image-preview:large","max-video-preview":"max-video-preview:-1"},"canonical":"https:\/\/www.ligne-roset-aschaffenburg.de\/index.php\/essen\/","og_locale":"de_DE","og_type":"article","og_title":"Essen | Ligne Roset Studio Aschaffenburg","og_description":"Die Esstische von Ligne Roset kombinieren Design und Geselligkeit:","og_url":"https:\/\/www.ligne-roset-aschaffenburg.de\/index.php\/essen\/","og_site_name":"Ligne Roset","article_modified_time":"2017-04-26T10:03:16+00:00","og_image":[{"url":"http:\/\/www.ligne-roset-aschaffenburg.de\/wp-content\/uploads\/2017\/03\/eaton_esstische_720x393-350x191.jpg"}],"twitter_card":"summary_large_image","schema":{"@context":"https:\/\/schema.org","@graph":[{"@type":"WebPage","@id":"https:\/\/www.ligne-roset-aschaffenburg.de\/index.php\/essen\/","url":"https:\/\/www.ligne-roset-aschaffenburg.de\/index.php\/essen\/","name":"Essen | Ligne Roset Studio Aschaffenburg","isPartOf":{"@id":"https:\/\/www.ligne-roset-aschaffenburg.de\/#website"},"datePublished":"2017-03-09T08:21:28+00:00","dateModified":"2017-04-26T10:03:16+00:00","description":"Die Esstische von Ligne Roset kombinieren Design und Geselligkeit:","breadcrumb":{"@id":"https:\/\/www.ligne-roset-aschaffenburg.de\/index.php\/essen\/#breadcrumb"},"inLanguage":"de","potentialAction":[{"@type":"ReadAction","target":["https:\/\/www.ligne-roset-aschaffenburg.de\/index.php\/essen\/"]}]},{"@type":"BreadcrumbList","@id":"https:\/\/www.ligne-roset-aschaffenburg.de\/index.php\/essen\/#breadcrumb","itemListElement":[{"@type":"ListItem","position":1,"name":"Home","item":"https:\/\/www.ligne-roset-aschaffenburg.de\/"},{"@type":"ListItem","position":2,"name":"Essen"}]},{"@type":"WebSite","@id":"https:\/\/www.ligne-roset-aschaffenburg.de\/#website","url":"https:\/\/www.ligne-roset-aschaffenburg.de\/","name":"Ligne Roset","description":"in Aschaffenburg","potentialAction":[{"@type":"SearchAction","target":{"@type":"EntryPoint","urlTemplate":"https:\/\/www.ligne-roset-aschaffenburg.de\/?s={search_term_string}"},"query-input":"required name=search_term_string"}],"inLanguage":"de"}]}},"_links":{"self":[{"href":"https:\/\/www.ligne-roset-aschaffenburg.de\/index.php\/wp-json\/wp\/v2\/pages\/273"}],"collection":[{"href":"https:\/\/www.ligne-roset-aschaffenburg.de\/index.php\/wp-json\/wp\/v2\/pages"}],"about":[{"href":"https:\/\/www.ligne-roset-aschaffenburg.de\/index.php\/wp-json\/wp\/v2\/types\/page"}],"author":[{"embeddable":true,"href":"https:\/\/www.ligne-roset-aschaffenburg.de\/index.php\/wp-json\/wp\/v2\/users\/1"}],"replies":[{"embeddable":true,"href":"https:\/\/www.ligne-roset-aschaffenburg.de\/index.php\/wp-json\/wp\/v2\/comments?post=273"}],"version-history":[{"count":7,"href":"https:\/\/www.ligne-roset-aschaffenburg.de\/index.php\/wp-json\/wp\/v2\/pages\/273\/revisions"}],"predecessor-version":[{"id":715,"href":"https:\/\/www.ligne-roset-aschaffenburg.de\/index.php\/wp-json\/wp\/v2\/pages\/273\/revisions\/715"}],"wp:attachment":[{"href":"https:\/\/www.ligne-roset-aschaffenburg.de\/index.php\/wp-json\/wp\/v2\/media?parent=273"}],"curies":[{"name":"wp","href":"https:\/\/api.w.org\/{rel}","templated":true}]}}