{"id":276,"date":"2017-03-09T08:21:36","date_gmt":"2017-03-09T08:21:36","guid":{"rendered":"http:\/\/www.mihca.net\/?page_id=276"},"modified":"2017-04-04T13:55:11","modified_gmt":"2017-04-04T13:55:11","slug":"schlafen","status":"publish","type":"page","link":"https:\/\/www.ligne-roset-aschaffenburg.de\/index.php\/schlafen\/","title":{"rendered":"Schlafen"},"content":{"rendered":"<div id=\"pl-276\"  class=\"panel-layout\" ><div id=\"pg-276-0\"  class=\"panel-grid panel-has-style\" ><div style=\"padding: 50px 0; \" data-overlay=\"true\" data-overlay-color=\"#000000\" class=\"panel-row-style panel-row-style-for-276-0\" ><div id=\"pgc-276-0-0\"  class=\"panel-grid-cell\" ><div id=\"panel-276-0-0-0\" class=\"so-panel widget widget_text panel-first-child panel-last-child\" data-index=\"0\" ><div style=\"text-align: center;\" data-title-color=\"#443f3f\" data-headings-color=\"#443f3f\" class=\"panel-widget-style panel-widget-style-for-276-0-0-0\" ><h3 class=\"widget-title\">BETTEN<\/h3>\t\t\t<div class=\"textwidget\"><p>Gro\u00dfz\u00fcgigkeit und Komfort im Geiste des Design: Ehebetten von Ligne Roset bieten Ihnen eine hohe Schlafqualit\u00e4t. Moderne Kreationen f\u00fcr Ihr modernes Schlafzimmer.<\/p>\n<\/div>\n\t\t<\/div><\/div><\/div><div id=\"pgc-276-0-1\"  class=\"panel-grid-cell\" ><div id=\"panel-276-0-1-0\" class=\"so-panel widget widget_text panel-first-child\" data-index=\"1\" ><div style=\"text-align: left;\" data-title-color=\"#443f3f\" data-headings-color=\"#443f3f\" class=\"panel-widget-style panel-widget-style-for-276-0-1-0\" ><h3 class=\"widget-title\">RUCH\u00c9<\/h3>\t\t\t<div class=\"textwidget\"><\/div>\n\t\t<\/div><\/div><div id=\"panel-276-0-1-1\" class=\"so-panel widget widget_sow-image panel-last-child\" data-index=\"2\" ><div style=\"text-align: left;\" data-title-color=\"#443f3f\" data-headings-color=\"#443f3f\" class=\"panel-widget-style panel-widget-style-for-276-0-1-1\" ><div\n\t\t\t\n\t\t\tclass=\"so-widget-sow-image so-widget-sow-image-default-17bc2272b535-276\"\n\t\t\t\n\t\t>\n\n<div class=\"sow-image-container\">\n\t\t<img src=\"https:\/\/www.ligne-roset-aschaffenburg.de\/wp-content\/uploads\/2017\/03\/ruch___betten_720x393-480x262.jpg\" width=\"480\" height=\"262\" srcset=\"https:\/\/www.ligne-roset-aschaffenburg.de\/wp-content\/uploads\/2017\/03\/ruch___betten_720x393-480x262.jpg 480w, https:\/\/www.ligne-roset-aschaffenburg.de\/wp-content\/uploads\/2017\/03\/ruch___betten_720x393-300x164.jpg 300w, https:\/\/www.ligne-roset-aschaffenburg.de\/wp-content\/uploads\/2017\/03\/ruch___betten_720x393-230x126.jpg 230w, https:\/\/www.ligne-roset-aschaffenburg.de\/wp-content\/uploads\/2017\/03\/ruch___betten_720x393-350x191.jpg 350w, https:\/\/www.ligne-roset-aschaffenburg.de\/wp-content\/uploads\/2017\/03\/ruch___betten_720x393.jpg 720w\" sizes=\"(max-width: 480px) 100vw, 480px\" alt=\"Ruch Ligne Roset Studio Aschaffenburg\" loading=\"lazy\" \t\tclass=\"so-widget-image\"\/>\n\t<\/div>\n\n<\/div><\/div><\/div><\/div><\/div><\/div><div id=\"pg-276-1\"  class=\"panel-grid panel-has-style\" ><div style=\"padding: 100px 0; \" data-overlay=\"true\" class=\"panel-row-style panel-row-style-for-276-1\" ><div id=\"pgc-276-1-0\"  class=\"panel-grid-cell\" ><div id=\"panel-276-1-0-0\" class=\"so-panel widget widget_text panel-first-child\" data-index=\"3\" ><div style=\"text-align: left;\" data-title-color=\"#443f3f\" data-headings-color=\"#443f3f\" class=\"panel-widget-style panel-widget-style-for-276-1-0-0\" ><h3 class=\"widget-title\">PETER MALY 2<\/h3>\t\t\t<div class=\"textwidget\"><\/div>\n\t\t<\/div><\/div><div id=\"panel-276-1-0-1\" class=\"so-panel widget widget_sow-image panel-last-child\" data-index=\"4\" ><div style=\"text-align: left;\" data-title-color=\"#443f3f\" data-headings-color=\"#443f3f\" class=\"panel-widget-style panel-widget-style-for-276-1-0-1\" ><div\n\t\t\t\n\t\t\tclass=\"so-widget-sow-image so-widget-sow-image-default-17bc2272b535-276\"\n\t\t\t\n\t\t>\n\n<div class=\"sow-image-container\">\n\t\t<img src=\"https:\/\/www.ligne-roset-aschaffenburg.de\/wp-content\/uploads\/2017\/03\/peter_maly_2_betten_720x393-480x262.jpg\" width=\"480\" height=\"262\" srcset=\"https:\/\/www.ligne-roset-aschaffenburg.de\/wp-content\/uploads\/2017\/03\/peter_maly_2_betten_720x393-480x262.jpg 480w, https:\/\/www.ligne-roset-aschaffenburg.de\/wp-content\/uploads\/2017\/03\/peter_maly_2_betten_720x393-300x164.jpg 300w, https:\/\/www.ligne-roset-aschaffenburg.de\/wp-content\/uploads\/2017\/03\/peter_maly_2_betten_720x393-230x126.jpg 230w, https:\/\/www.ligne-roset-aschaffenburg.de\/wp-content\/uploads\/2017\/03\/peter_maly_2_betten_720x393-350x191.jpg 350w, https:\/\/www.ligne-roset-aschaffenburg.de\/wp-content\/uploads\/2017\/03\/peter_maly_2_betten_720x393.jpg 720w\" sizes=\"(max-width: 480px) 100vw, 480px\" alt=\"Ligne Roset Studio Aschaffenburg\" loading=\"lazy\" \t\tclass=\"so-widget-image\"\/>\n\t<\/div>\n\n<\/div><\/div><\/div><\/div><div id=\"pgc-276-1-1\"  class=\"panel-grid-cell\" ><div id=\"panel-276-1-1-0\" class=\"so-panel widget widget_text panel-first-child\" data-index=\"5\" ><div style=\"text-align: left;\" data-title-color=\"#443f3f\" data-headings-color=\"#443f3f\" class=\"panel-widget-style panel-widget-style-for-276-1-1-0\" ><h3 class=\"widget-title\">ANNA<\/h3>\t\t\t<div class=\"textwidget\"><\/div>\n\t\t<\/div><\/div><div id=\"panel-276-1-1-1\" class=\"so-panel widget widget_sow-image panel-last-child\" data-index=\"6\" ><div style=\"text-align: left;\" data-title-color=\"#443f3f\" data-headings-color=\"#443f3f\" class=\"panel-widget-style panel-widget-style-for-276-1-1-1\" ><div\n\t\t\t\n\t\t\tclass=\"so-widget-sow-image so-widget-sow-image-default-17bc2272b535-276\"\n\t\t\t\n\t\t>\n\n<div class=\"sow-image-container\">\n\t\t<img src=\"https:\/\/www.ligne-roset-aschaffenburg.de\/wp-content\/uploads\/2017\/03\/anna_betten_720x393-480x262.jpg\" width=\"480\" height=\"262\" srcset=\"https:\/\/www.ligne-roset-aschaffenburg.de\/wp-content\/uploads\/2017\/03\/anna_betten_720x393-480x262.jpg 480w, https:\/\/www.ligne-roset-aschaffenburg.de\/wp-content\/uploads\/2017\/03\/anna_betten_720x393-300x164.jpg 300w, https:\/\/www.ligne-roset-aschaffenburg.de\/wp-content\/uploads\/2017\/03\/anna_betten_720x393-230x126.jpg 230w, https:\/\/www.ligne-roset-aschaffenburg.de\/wp-content\/uploads\/2017\/03\/anna_betten_720x393-350x191.jpg 350w, https:\/\/www.ligne-roset-aschaffenburg.de\/wp-content\/uploads\/2017\/03\/anna_betten_720x393.jpg 720w\" sizes=\"(max-width: 480px) 100vw, 480px\" alt=\"Anna Ligne Roset Studio Aschaffenburg\" loading=\"lazy\" \t\tclass=\"so-widget-image\"\/>\n\t<\/div>\n\n<\/div><\/div><\/div><\/div><\/div><\/div><div id=\"pg-276-2\"  class=\"panel-grid panel-has-style\" ><div style=\"padding: 100px 0; \" data-overlay=\"true\" class=\"panel-row-style panel-row-style-for-276-2\" ><div id=\"pgc-276-2-0\"  class=\"panel-grid-cell\" ><div id=\"panel-276-2-0-0\" class=\"so-panel widget widget_text panel-first-child panel-last-child\" data-index=\"7\" ><div style=\"text-align: center;\" data-title-color=\"#443f3f\" data-headings-color=\"#443f3f\" class=\"panel-widget-style panel-widget-style-for-276-2-0-0\" ><h3 class=\"widget-title\">SCHLAFSOFAS<\/h3>\t\t\t<div class=\"textwidget\"><p>Im zeitgem\u00e4\u00dfen Design bieten die Schlafsofas von Ligne Roset eine hohe Schlafqualit\u00e4t. Als 2- bis 4-Sitzer wandelbar, f\u00fcr den regelm\u00e4\u00dfigen Gebrauch entworfen oder um Ihre G\u00e4ste bequem zu empfangen.<\/p>\n<\/div>\n\t\t<\/div><\/div><\/div><div id=\"pgc-276-2-1\"  class=\"panel-grid-cell\" ><div id=\"panel-276-2-1-0\" class=\"so-panel widget widget_text panel-first-child\" data-index=\"8\" ><div style=\"text-align: left;\" data-title-color=\"#443f3f\" data-headings-color=\"#443f3f\" class=\"panel-widget-style panel-widget-style-for-276-2-1-0\" ><h3 class=\"widget-title\">MULTY<\/h3>\t\t\t<div class=\"textwidget\"><\/div>\n\t\t<\/div><\/div><div id=\"panel-276-2-1-1\" class=\"so-panel widget widget_sow-image panel-last-child\" data-index=\"9\" ><div style=\"text-align: left;\" data-title-color=\"#443f3f\" data-headings-color=\"#443f3f\" class=\"panel-widget-style panel-widget-style-for-276-2-1-1\" ><div\n\t\t\t\n\t\t\tclass=\"so-widget-sow-image so-widget-sow-image-default-17bc2272b535-276\"\n\t\t\t\n\t\t>\n\n<div class=\"sow-image-container\">\n\t\t<img src=\"https:\/\/www.ligne-roset-aschaffenburg.de\/wp-content\/uploads\/2017\/03\/multy_schlafsofas_720x393-350x191.jpg\" width=\"350\" height=\"191\" srcset=\"https:\/\/www.ligne-roset-aschaffenburg.de\/wp-content\/uploads\/2017\/03\/multy_schlafsofas_720x393-350x191.jpg 350w, https:\/\/www.ligne-roset-aschaffenburg.de\/wp-content\/uploads\/2017\/03\/multy_schlafsofas_720x393-300x164.jpg 300w, https:\/\/www.ligne-roset-aschaffenburg.de\/wp-content\/uploads\/2017\/03\/multy_schlafsofas_720x393-230x126.jpg 230w, https:\/\/www.ligne-roset-aschaffenburg.de\/wp-content\/uploads\/2017\/03\/multy_schlafsofas_720x393-480x262.jpg 480w, https:\/\/www.ligne-roset-aschaffenburg.de\/wp-content\/uploads\/2017\/03\/multy_schlafsofas_720x393.jpg 720w\" sizes=\"(max-width: 350px) 100vw, 350px\" alt=\"Multy Ligne Roset Studio Aschaffenburg\" loading=\"lazy\" \t\tclass=\"so-widget-image\"\/>\n\t<\/div>\n\n<\/div><\/div><\/div><\/div><\/div><\/div><\/div>","protected":false},"excerpt":{"rendered":"<p>Gro\u00dfz\u00fcgigkeit und Komfort im Geiste des Design: Ehebetten von Ligne Roset bieten Ihnen eine hohe Schlafqualit\u00e4t. Moderne Kreationen f\u00fcr Ihr modernes Schlafzimmer.<\/p>\n","protected":false},"author":1,"featured_media":0,"parent":0,"menu_order":0,"comment_status":"closed","ping_status":"closed","template":"page-templates\/page_fullwidth.php","meta":[],"yoast_head":"<!-- This site is optimized with the Yoast SEO plugin v19.9 - https:\/\/yoast.com\/wordpress\/plugins\/seo\/ -->\n<title>Schlafen | Ligne Roset Studio Aschaffenburg<\/title>\n<meta name=\"robots\" content=\"index, follow, max-snippet:-1, max-image-preview:large, max-video-preview:-1\" \/>\n<link rel=\"canonical\" href=\"https:\/\/www.ligne-roset-aschaffenburg.de\/index.php\/schlafen\/\" \/>\n<meta property=\"og:locale\" content=\"de_DE\" \/>\n<meta property=\"og:type\" content=\"article\" \/>\n<meta property=\"og:title\" content=\"Schlafen | Ligne Roset Studio Aschaffenburg\" \/>\n<meta property=\"og:description\" content=\"Gro\u00dfz\u00fcgigkeit und Komfort im Geiste des Design: Ehebetten von Ligne Roset bieten Ihnen eine hohe Schlafqualit\u00e4t. Moderne Kreationen f\u00fcr Ihr modernes Schlafzimmer.\" \/>\n<meta property=\"og:url\" content=\"https:\/\/www.ligne-roset-aschaffenburg.de\/index.php\/schlafen\/\" \/>\n<meta property=\"og:site_name\" content=\"Ligne Roset\" \/>\n<meta property=\"article:modified_time\" content=\"2017-04-04T13:55:11+00:00\" \/>\n<meta property=\"og:image\" content=\"http:\/\/www.ligne-roset-aschaffenburg.de\/wp-content\/uploads\/2017\/03\/ruch___betten_720x393-480x262.jpg\" \/>\n<meta name=\"twitter:card\" content=\"summary_large_image\" \/>\n<script type=\"application\/ld+json\" class=\"yoast-schema-graph\">{\"@context\":\"https:\/\/schema.org\",\"@graph\":[{\"@type\":\"WebPage\",\"@id\":\"https:\/\/www.ligne-roset-aschaffenburg.de\/index.php\/schlafen\/\",\"url\":\"https:\/\/www.ligne-roset-aschaffenburg.de\/index.php\/schlafen\/\",\"name\":\"Schlafen | Ligne Roset Studio Aschaffenburg\",\"isPartOf\":{\"@id\":\"https:\/\/www.ligne-roset-aschaffenburg.de\/#website\"},\"datePublished\":\"2017-03-09T08:21:36+00:00\",\"dateModified\":\"2017-04-04T13:55:11+00:00\",\"breadcrumb\":{\"@id\":\"https:\/\/www.ligne-roset-aschaffenburg.de\/index.php\/schlafen\/#breadcrumb\"},\"inLanguage\":\"de\",\"potentialAction\":[{\"@type\":\"ReadAction\",\"target\":[\"https:\/\/www.ligne-roset-aschaffenburg.de\/index.php\/schlafen\/\"]}]},{\"@type\":\"BreadcrumbList\",\"@id\":\"https:\/\/www.ligne-roset-aschaffenburg.de\/index.php\/schlafen\/#breadcrumb\",\"itemListElement\":[{\"@type\":\"ListItem\",\"position\":1,\"name\":\"Home\",\"item\":\"https:\/\/www.ligne-roset-aschaffenburg.de\/\"},{\"@type\":\"ListItem\",\"position\":2,\"name\":\"Schlafen\"}]},{\"@type\":\"WebSite\",\"@id\":\"https:\/\/www.ligne-roset-aschaffenburg.de\/#website\",\"url\":\"https:\/\/www.ligne-roset-aschaffenburg.de\/\",\"name\":\"Ligne Roset\",\"description\":\"in Aschaffenburg\",\"potentialAction\":[{\"@type\":\"SearchAction\",\"target\":{\"@type\":\"EntryPoint\",\"urlTemplate\":\"https:\/\/www.ligne-roset-aschaffenburg.de\/?s={search_term_string}\"},\"query-input\":\"required name=search_term_string\"}],\"inLanguage\":\"de\"}]}<\/script>\n<!-- \/ Yoast SEO plugin. -->","yoast_head_json":{"title":"Schlafen | Ligne Roset Studio Aschaffenburg","robots":{"index":"index","follow":"follow","max-snippet":"max-snippet:-1","max-image-preview":"max-image-preview:large","max-video-preview":"max-video-preview:-1"},"canonical":"https:\/\/www.ligne-roset-aschaffenburg.de\/index.php\/schlafen\/","og_locale":"de_DE","og_type":"article","og_title":"Schlafen | Ligne Roset Studio Aschaffenburg","og_description":"Gro\u00dfz\u00fcgigkeit und Komfort im Geiste des Design: Ehebetten von Ligne Roset bieten Ihnen eine hohe Schlafqualit\u00e4t. Moderne Kreationen f\u00fcr Ihr modernes Schlafzimmer.","og_url":"https:\/\/www.ligne-roset-aschaffenburg.de\/index.php\/schlafen\/","og_site_name":"Ligne Roset","article_modified_time":"2017-04-04T13:55:11+00:00","og_image":[{"url":"http:\/\/www.ligne-roset-aschaffenburg.de\/wp-content\/uploads\/2017\/03\/ruch___betten_720x393-480x262.jpg"}],"twitter_card":"summary_large_image","schema":{"@context":"https:\/\/schema.org","@graph":[{"@type":"WebPage","@id":"https:\/\/www.ligne-roset-aschaffenburg.de\/index.php\/schlafen\/","url":"https:\/\/www.ligne-roset-aschaffenburg.de\/index.php\/schlafen\/","name":"Schlafen | Ligne Roset Studio Aschaffenburg","isPartOf":{"@id":"https:\/\/www.ligne-roset-aschaffenburg.de\/#website"},"datePublished":"2017-03-09T08:21:36+00:00","dateModified":"2017-04-04T13:55:11+00:00","breadcrumb":{"@id":"https:\/\/www.ligne-roset-aschaffenburg.de\/index.php\/schlafen\/#breadcrumb"},"inLanguage":"de","potentialAction":[{"@type":"ReadAction","target":["https:\/\/www.ligne-roset-aschaffenburg.de\/index.php\/schlafen\/"]}]},{"@type":"BreadcrumbList","@id":"https:\/\/www.ligne-roset-aschaffenburg.de\/index.php\/schlafen\/#breadcrumb","itemListElement":[{"@type":"ListItem","position":1,"name":"Home","item":"https:\/\/www.ligne-roset-aschaffenburg.de\/"},{"@type":"ListItem","position":2,"name":"Schlafen"}]},{"@type":"WebSite","@id":"https:\/\/www.ligne-roset-aschaffenburg.de\/#website","url":"https:\/\/www.ligne-roset-aschaffenburg.de\/","name":"Ligne Roset","description":"in Aschaffenburg","potentialAction":[{"@type":"SearchAction","target":{"@type":"EntryPoint","urlTemplate":"https:\/\/www.ligne-roset-aschaffenburg.de\/?s={search_term_string}"},"query-input":"required name=search_term_string"}],"inLanguage":"de"}]}},"_links":{"self":[{"href":"https:\/\/www.ligne-roset-aschaffenburg.de\/index.php\/wp-json\/wp\/v2\/pages\/276"}],"collection":[{"href":"https:\/\/www.ligne-roset-aschaffenburg.de\/index.php\/wp-json\/wp\/v2\/pages"}],"about":[{"href":"https:\/\/www.ligne-roset-aschaffenburg.de\/index.php\/wp-json\/wp\/v2\/types\/page"}],"author":[{"embeddable":true,"href":"https:\/\/www.ligne-roset-aschaffenburg.de\/index.php\/wp-json\/wp\/v2\/users\/1"}],"replies":[{"embeddable":true,"href":"https:\/\/www.ligne-roset-aschaffenburg.de\/index.php\/wp-json\/wp\/v2\/comments?post=276"}],"version-history":[{"count":10,"href":"https:\/\/www.ligne-roset-aschaffenburg.de\/index.php\/wp-json\/wp\/v2\/pages\/276\/revisions"}],"predecessor-version":[{"id":702,"href":"https:\/\/www.ligne-roset-aschaffenburg.de\/index.php\/wp-json\/wp\/v2\/pages\/276\/revisions\/702"}],"wp:attachment":[{"href":"https:\/\/www.ligne-roset-aschaffenburg.de\/index.php\/wp-json\/wp\/v2\/media?parent=276"}],"curies":[{"name":"wp","href":"https:\/\/api.w.org\/{rel}","templated":true}]}}