{"id":348,"date":"2017-03-10T08:23:12","date_gmt":"2017-03-10T08:23:12","guid":{"rendered":"http:\/\/www.mihca.net\/?page_id=348"},"modified":"2017-04-04T14:04:16","modified_gmt":"2017-04-04T14:04:16","slug":"wohnen-2","status":"publish","type":"page","link":"https:\/\/www.ligne-roset-aschaffenburg.de\/index.php\/wohnen-2\/","title":{"rendered":"Wohnen"},"content":{"rendered":"<div id=\"pl-348\"  class=\"panel-layout\" ><div id=\"pg-348-0\"  class=\"panel-grid panel-has-style\" ><div style=\"padding: 50px 0; \" data-overlay=\"true\" data-overlay-color=\"#000000\" class=\"panel-row-style panel-row-style-for-348-0\" ><div id=\"pgc-348-0-0\"  class=\"panel-grid-cell\" ><div id=\"panel-348-0-0-0\" class=\"so-panel widget widget_text panel-first-child panel-last-child\" data-index=\"0\" ><div style=\"text-align: center;\" data-title-color=\"#443f3f\" data-headings-color=\"#443f3f\" class=\"panel-widget-style panel-widget-style-for-348-0-0-0\" ><h3 class=\"widget-title\">SOFAS<\/h3>\t\t\t<div class=\"textwidget\">Modern und zeitgen\u00f6ssisch zeigen sich die von den gr\u00f6\u00dften Designern unserer Zeit entworfenen Sofas von Ligne Roset. M\u00f6bel mit Charakter, die sich dank einer Auswahl an Leder und edlen Stoffen personalisieren lassen.<\/div>\n\t\t<\/div><\/div><\/div><div id=\"pgc-348-0-1\"  class=\"panel-grid-cell\" ><div id=\"panel-348-0-1-0\" class=\"so-panel widget widget_text panel-first-child\" data-index=\"1\" ><div style=\"text-align: left;\" data-title-color=\"#443f3f\" data-headings-color=\"#443f3f\" class=\"panel-widget-style panel-widget-style-for-348-0-1-0\" ><h3 class=\"widget-title\">TOGO<\/h3>\t\t\t<div class=\"textwidget\"><\/div>\n\t\t<\/div><\/div><div id=\"panel-348-0-1-1\" class=\"so-panel widget widget_sow-image panel-last-child\" data-index=\"2\" ><div style=\"text-align: left;\" data-title-color=\"#443f3f\" data-headings-color=\"#443f3f\" class=\"panel-widget-style panel-widget-style-for-348-0-1-1\" ><div\n\t\t\t\n\t\t\tclass=\"so-widget-sow-image so-widget-sow-image-default-17bc2272b535-348\"\n\t\t\t\n\t\t>\n\n<div class=\"sow-image-container\">\n\t\t<img src=\"https:\/\/www.ligne-roset-aschaffenburg.de\/wp-content\/uploads\/2017\/03\/00tn1_918x340-480x178.jpg\" width=\"480\" height=\"178\" srcset=\"https:\/\/www.ligne-roset-aschaffenburg.de\/wp-content\/uploads\/2017\/03\/00tn1_918x340-480x178.jpg 480w, https:\/\/www.ligne-roset-aschaffenburg.de\/wp-content\/uploads\/2017\/03\/00tn1_918x340-300x111.jpg 300w, https:\/\/www.ligne-roset-aschaffenburg.de\/wp-content\/uploads\/2017\/03\/00tn1_918x340-768x284.jpg 768w, https:\/\/www.ligne-roset-aschaffenburg.de\/wp-content\/uploads\/2017\/03\/00tn1_918x340-830x307.jpg 830w, https:\/\/www.ligne-roset-aschaffenburg.de\/wp-content\/uploads\/2017\/03\/00tn1_918x340-230x85.jpg 230w, https:\/\/www.ligne-roset-aschaffenburg.de\/wp-content\/uploads\/2017\/03\/00tn1_918x340-350x130.jpg 350w, https:\/\/www.ligne-roset-aschaffenburg.de\/wp-content\/uploads\/2017\/03\/00tn1_918x340.jpg 918w\" sizes=\"(max-width: 480px) 100vw, 480px\" alt=\"Togo Ligne Roset Studio Aschaffenburg\" loading=\"lazy\" \t\tclass=\"so-widget-image\"\/>\n\t<\/div>\n\n<\/div><\/div><\/div><\/div><\/div><\/div><div id=\"pg-348-1\"  class=\"panel-grid panel-has-style\" ><div style=\"padding: 100px 0; \" data-overlay=\"true\" class=\"panel-row-style panel-row-style-for-348-1\" ><div id=\"pgc-348-1-0\"  class=\"panel-grid-cell\" ><div id=\"panel-348-1-0-0\" class=\"so-panel widget widget_text panel-first-child\" data-index=\"3\" ><div style=\"text-align: center;\" data-title-color=\"#443f3f\" data-headings-color=\"#443f3f\" class=\"panel-widget-style panel-widget-style-for-348-1-0-0\" ><h3 class=\"widget-title\">PLOUM<\/h3>\t\t\t<div class=\"textwidget\"><\/div>\n\t\t<\/div><\/div><div id=\"panel-348-1-0-1\" class=\"so-panel widget widget_sow-image panel-last-child\" data-index=\"4\" ><div style=\"text-align: left;\" data-title-color=\"#443f3f\" data-headings-color=\"#443f3f\" class=\"panel-widget-style panel-widget-style-for-348-1-0-1\" ><div\n\t\t\t\n\t\t\tclass=\"so-widget-sow-image so-widget-sow-image-default-17bc2272b535-348\"\n\t\t\t\n\t\t>\n\n<div class=\"sow-image-container\">\n\t\t<img src=\"https:\/\/www.ligne-roset-aschaffenburg.de\/wp-content\/uploads\/2017\/03\/00zt6_918x340-480x178.jpg\" width=\"480\" height=\"178\" srcset=\"https:\/\/www.ligne-roset-aschaffenburg.de\/wp-content\/uploads\/2017\/03\/00zt6_918x340-480x178.jpg 480w, https:\/\/www.ligne-roset-aschaffenburg.de\/wp-content\/uploads\/2017\/03\/00zt6_918x340-300x111.jpg 300w, https:\/\/www.ligne-roset-aschaffenburg.de\/wp-content\/uploads\/2017\/03\/00zt6_918x340-768x284.jpg 768w, https:\/\/www.ligne-roset-aschaffenburg.de\/wp-content\/uploads\/2017\/03\/00zt6_918x340-830x307.jpg 830w, https:\/\/www.ligne-roset-aschaffenburg.de\/wp-content\/uploads\/2017\/03\/00zt6_918x340-230x85.jpg 230w, https:\/\/www.ligne-roset-aschaffenburg.de\/wp-content\/uploads\/2017\/03\/00zt6_918x340-350x130.jpg 350w, https:\/\/www.ligne-roset-aschaffenburg.de\/wp-content\/uploads\/2017\/03\/00zt6_918x340.jpg 918w\" sizes=\"(max-width: 480px) 100vw, 480px\" alt=\"Ploum Ligne Roset Studio Aschaffenburg\" loading=\"lazy\" \t\tclass=\"so-widget-image\"\/>\n\t<\/div>\n\n<\/div><\/div><\/div><\/div><div id=\"pgc-348-1-1\"  class=\"panel-grid-cell\" ><div id=\"panel-348-1-1-0\" class=\"so-panel widget widget_text panel-first-child\" data-index=\"5\" ><div style=\"text-align: left;\" data-title-color=\"#443f3f\" data-headings-color=\"#443f3f\" class=\"panel-widget-style panel-widget-style-for-348-1-1-0\" ><h3 class=\"widget-title\">PRADO<\/h3>\t\t\t<div class=\"textwidget\"><\/div>\n\t\t<\/div><\/div><div id=\"panel-348-1-1-1\" class=\"so-panel widget widget_sow-image panel-last-child\" data-index=\"6\" ><div style=\"text-align: left;\" data-title-color=\"#443f3f\" data-headings-color=\"#443f3f\" class=\"panel-widget-style panel-widget-style-for-348-1-1-1\" ><div\n\t\t\t\n\t\t\tclass=\"so-widget-sow-image so-widget-sow-image-default-17bc2272b535-348\"\n\t\t\t\n\t\t>\n\n<div class=\"sow-image-container\">\n\t\t<img src=\"https:\/\/www.ligne-roset-aschaffenburg.de\/wp-content\/uploads\/2017\/03\/00w71_c01_918x340-480x178.jpg\" width=\"480\" height=\"178\" srcset=\"https:\/\/www.ligne-roset-aschaffenburg.de\/wp-content\/uploads\/2017\/03\/00w71_c01_918x340-480x178.jpg 480w, https:\/\/www.ligne-roset-aschaffenburg.de\/wp-content\/uploads\/2017\/03\/00w71_c01_918x340-300x111.jpg 300w, https:\/\/www.ligne-roset-aschaffenburg.de\/wp-content\/uploads\/2017\/03\/00w71_c01_918x340-768x284.jpg 768w, https:\/\/www.ligne-roset-aschaffenburg.de\/wp-content\/uploads\/2017\/03\/00w71_c01_918x340-830x307.jpg 830w, https:\/\/www.ligne-roset-aschaffenburg.de\/wp-content\/uploads\/2017\/03\/00w71_c01_918x340-230x85.jpg 230w, https:\/\/www.ligne-roset-aschaffenburg.de\/wp-content\/uploads\/2017\/03\/00w71_c01_918x340-350x130.jpg 350w, https:\/\/www.ligne-roset-aschaffenburg.de\/wp-content\/uploads\/2017\/03\/00w71_c01_918x340.jpg 918w\" sizes=\"(max-width: 480px) 100vw, 480px\" alt=\"Prado Ligne Roset Studio Aschaffenburg\" loading=\"lazy\" \t\tclass=\"so-widget-image\"\/>\n\t<\/div>\n\n<\/div><\/div><\/div><\/div><\/div><\/div><div id=\"pg-348-2\"  class=\"panel-grid panel-has-style\" ><div style=\"padding: 100px 0; \" data-overlay=\"true\" class=\"panel-row-style panel-row-style-for-348-2\" ><div id=\"pgc-348-2-0\"  class=\"panel-grid-cell\" ><div id=\"panel-348-2-0-0\" class=\"so-panel widget widget_text panel-first-child panel-last-child\" data-index=\"7\" ><div style=\"text-align: center;\" data-title-color=\"#443f3f\" data-headings-color=\"#443f3f\" class=\"panel-widget-style panel-widget-style-for-348-2-0-0\" ><h3 class=\"widget-title\">SCHLAFSOFAS<\/h3>\t\t\t<div class=\"textwidget\">Im zeitgem\u00e4\u00dfen Design bieten die Schlafsofas von Ligne Roset eine hohe Schlafqualit\u00e4t. Als 2- bis 4-Sitzer wandelbar, f\u00fcr den regelm\u00e4\u00dfigen Gebrauch entworfen oder um Ihre G\u00e4ste bequem zu empfangen.<\/div>\n\t\t<\/div><\/div><\/div><div id=\"pgc-348-2-1\"  class=\"panel-grid-cell\" ><div id=\"panel-348-2-1-0\" class=\"so-panel widget widget_text panel-first-child\" data-index=\"8\" ><div style=\"text-align: left;\" data-title-color=\"#443f3f\" data-headings-color=\"#443f3f\" class=\"panel-widget-style panel-widget-style-for-348-2-1-0\" ><h3 class=\"widget-title\">MULTY<\/h3>\t\t\t<div class=\"textwidget\"><\/div>\n\t\t<\/div><\/div><div id=\"panel-348-2-1-1\" class=\"so-panel widget widget_sow-image panel-last-child\" data-index=\"9\" ><div style=\"text-align: left;\" data-title-color=\"#443f3f\" data-headings-color=\"#443f3f\" class=\"panel-widget-style panel-widget-style-for-348-2-1-1\" ><div\n\t\t\t\n\t\t\tclass=\"so-widget-sow-image so-widget-sow-image-default-17bc2272b535-348\"\n\t\t\t\n\t\t>\n\n<div class=\"sow-image-container\">\n\t\t<img src=\"https:\/\/www.ligne-roset-aschaffenburg.de\/wp-content\/uploads\/2017\/03\/multy_schlafsofas_720x393-350x191.jpg\" width=\"350\" height=\"191\" srcset=\"https:\/\/www.ligne-roset-aschaffenburg.de\/wp-content\/uploads\/2017\/03\/multy_schlafsofas_720x393-350x191.jpg 350w, https:\/\/www.ligne-roset-aschaffenburg.de\/wp-content\/uploads\/2017\/03\/multy_schlafsofas_720x393-300x164.jpg 300w, https:\/\/www.ligne-roset-aschaffenburg.de\/wp-content\/uploads\/2017\/03\/multy_schlafsofas_720x393-230x126.jpg 230w, https:\/\/www.ligne-roset-aschaffenburg.de\/wp-content\/uploads\/2017\/03\/multy_schlafsofas_720x393-480x262.jpg 480w, https:\/\/www.ligne-roset-aschaffenburg.de\/wp-content\/uploads\/2017\/03\/multy_schlafsofas_720x393.jpg 720w\" sizes=\"(max-width: 350px) 100vw, 350px\" alt=\"Multy Ligne Roset Studio Aschaffenburg\" loading=\"lazy\" \t\tclass=\"so-widget-image\"\/>\n\t<\/div>\n\n<\/div><\/div><\/div><\/div><\/div><\/div><\/div>","protected":false},"excerpt":{"rendered":"<p>Modern und zeitgen\u00f6ssisch zeigen sich die von den gr\u00f6\u00dften Designern unserer Zeit entworfenen Sofas von Ligne Roset. M\u00f6bel mit Charakter, die sich [&hellip;]<\/p>\n","protected":false},"author":1,"featured_media":0,"parent":0,"menu_order":0,"comment_status":"closed","ping_status":"closed","template":"page-templates\/page_fullwidth.php","meta":[],"yoast_head":"<!-- This site is optimized with the Yoast SEO plugin v19.9 - https:\/\/yoast.com\/wordpress\/plugins\/seo\/ -->\n<title>Wohnen | Ligne Roset Studio Aschaffenburg<\/title>\n<meta name=\"robots\" content=\"index, follow, max-snippet:-1, max-image-preview:large, max-video-preview:-1\" \/>\n<link rel=\"canonical\" href=\"https:\/\/www.ligne-roset-aschaffenburg.de\/index.php\/wohnen-2\/\" \/>\n<meta property=\"og:locale\" content=\"de_DE\" \/>\n<meta property=\"og:type\" content=\"article\" \/>\n<meta property=\"og:title\" content=\"Wohnen | Ligne Roset Studio Aschaffenburg\" \/>\n<meta property=\"og:description\" content=\"Modern und zeitgen\u00f6ssisch zeigen sich die von den gr\u00f6\u00dften Designern unserer Zeit entworfenen Sofas von Ligne Roset. M\u00f6bel mit Charakter, die sich [&hellip;]\" \/>\n<meta property=\"og:url\" content=\"https:\/\/www.ligne-roset-aschaffenburg.de\/index.php\/wohnen-2\/\" \/>\n<meta property=\"og:site_name\" content=\"Ligne Roset\" \/>\n<meta property=\"article:modified_time\" content=\"2017-04-04T14:04:16+00:00\" \/>\n<meta property=\"og:image\" content=\"http:\/\/www.ligne-roset-aschaffenburg.de\/wp-content\/uploads\/2017\/03\/00tn1_918x340-480x178.jpg\" \/>\n<meta name=\"twitter:card\" content=\"summary_large_image\" \/>\n<script type=\"application\/ld+json\" class=\"yoast-schema-graph\">{\"@context\":\"https:\/\/schema.org\",\"@graph\":[{\"@type\":\"WebPage\",\"@id\":\"https:\/\/www.ligne-roset-aschaffenburg.de\/index.php\/wohnen-2\/\",\"url\":\"https:\/\/www.ligne-roset-aschaffenburg.de\/index.php\/wohnen-2\/\",\"name\":\"Wohnen | Ligne Roset Studio Aschaffenburg\",\"isPartOf\":{\"@id\":\"https:\/\/www.ligne-roset-aschaffenburg.de\/#website\"},\"datePublished\":\"2017-03-10T08:23:12+00:00\",\"dateModified\":\"2017-04-04T14:04:16+00:00\",\"breadcrumb\":{\"@id\":\"https:\/\/www.ligne-roset-aschaffenburg.de\/index.php\/wohnen-2\/#breadcrumb\"},\"inLanguage\":\"de\",\"potentialAction\":[{\"@type\":\"ReadAction\",\"target\":[\"https:\/\/www.ligne-roset-aschaffenburg.de\/index.php\/wohnen-2\/\"]}]},{\"@type\":\"BreadcrumbList\",\"@id\":\"https:\/\/www.ligne-roset-aschaffenburg.de\/index.php\/wohnen-2\/#breadcrumb\",\"itemListElement\":[{\"@type\":\"ListItem\",\"position\":1,\"name\":\"Home\",\"item\":\"https:\/\/www.ligne-roset-aschaffenburg.de\/\"},{\"@type\":\"ListItem\",\"position\":2,\"name\":\"Wohnen\"}]},{\"@type\":\"WebSite\",\"@id\":\"https:\/\/www.ligne-roset-aschaffenburg.de\/#website\",\"url\":\"https:\/\/www.ligne-roset-aschaffenburg.de\/\",\"name\":\"Ligne Roset\",\"description\":\"in Aschaffenburg\",\"potentialAction\":[{\"@type\":\"SearchAction\",\"target\":{\"@type\":\"EntryPoint\",\"urlTemplate\":\"https:\/\/www.ligne-roset-aschaffenburg.de\/?s={search_term_string}\"},\"query-input\":\"required name=search_term_string\"}],\"inLanguage\":\"de\"}]}<\/script>\n<!-- \/ Yoast SEO plugin. -->","yoast_head_json":{"title":"Wohnen | Ligne Roset Studio Aschaffenburg","robots":{"index":"index","follow":"follow","max-snippet":"max-snippet:-1","max-image-preview":"max-image-preview:large","max-video-preview":"max-video-preview:-1"},"canonical":"https:\/\/www.ligne-roset-aschaffenburg.de\/index.php\/wohnen-2\/","og_locale":"de_DE","og_type":"article","og_title":"Wohnen | Ligne Roset Studio Aschaffenburg","og_description":"Modern und zeitgen\u00f6ssisch zeigen sich die von den gr\u00f6\u00dften Designern unserer Zeit entworfenen Sofas von Ligne Roset. M\u00f6bel mit Charakter, die sich [&hellip;]","og_url":"https:\/\/www.ligne-roset-aschaffenburg.de\/index.php\/wohnen-2\/","og_site_name":"Ligne Roset","article_modified_time":"2017-04-04T14:04:16+00:00","og_image":[{"url":"http:\/\/www.ligne-roset-aschaffenburg.de\/wp-content\/uploads\/2017\/03\/00tn1_918x340-480x178.jpg"}],"twitter_card":"summary_large_image","schema":{"@context":"https:\/\/schema.org","@graph":[{"@type":"WebPage","@id":"https:\/\/www.ligne-roset-aschaffenburg.de\/index.php\/wohnen-2\/","url":"https:\/\/www.ligne-roset-aschaffenburg.de\/index.php\/wohnen-2\/","name":"Wohnen | Ligne Roset Studio Aschaffenburg","isPartOf":{"@id":"https:\/\/www.ligne-roset-aschaffenburg.de\/#website"},"datePublished":"2017-03-10T08:23:12+00:00","dateModified":"2017-04-04T14:04:16+00:00","breadcrumb":{"@id":"https:\/\/www.ligne-roset-aschaffenburg.de\/index.php\/wohnen-2\/#breadcrumb"},"inLanguage":"de","potentialAction":[{"@type":"ReadAction","target":["https:\/\/www.ligne-roset-aschaffenburg.de\/index.php\/wohnen-2\/"]}]},{"@type":"BreadcrumbList","@id":"https:\/\/www.ligne-roset-aschaffenburg.de\/index.php\/wohnen-2\/#breadcrumb","itemListElement":[{"@type":"ListItem","position":1,"name":"Home","item":"https:\/\/www.ligne-roset-aschaffenburg.de\/"},{"@type":"ListItem","position":2,"name":"Wohnen"}]},{"@type":"WebSite","@id":"https:\/\/www.ligne-roset-aschaffenburg.de\/#website","url":"https:\/\/www.ligne-roset-aschaffenburg.de\/","name":"Ligne Roset","description":"in Aschaffenburg","potentialAction":[{"@type":"SearchAction","target":{"@type":"EntryPoint","urlTemplate":"https:\/\/www.ligne-roset-aschaffenburg.de\/?s={search_term_string}"},"query-input":"required name=search_term_string"}],"inLanguage":"de"}]}},"_links":{"self":[{"href":"https:\/\/www.ligne-roset-aschaffenburg.de\/index.php\/wp-json\/wp\/v2\/pages\/348"}],"collection":[{"href":"https:\/\/www.ligne-roset-aschaffenburg.de\/index.php\/wp-json\/wp\/v2\/pages"}],"about":[{"href":"https:\/\/www.ligne-roset-aschaffenburg.de\/index.php\/wp-json\/wp\/v2\/types\/page"}],"author":[{"embeddable":true,"href":"https:\/\/www.ligne-roset-aschaffenburg.de\/index.php\/wp-json\/wp\/v2\/users\/1"}],"replies":[{"embeddable":true,"href":"https:\/\/www.ligne-roset-aschaffenburg.de\/index.php\/wp-json\/wp\/v2\/comments?post=348"}],"version-history":[{"count":11,"href":"https:\/\/www.ligne-roset-aschaffenburg.de\/index.php\/wp-json\/wp\/v2\/pages\/348\/revisions"}],"predecessor-version":[{"id":700,"href":"https:\/\/www.ligne-roset-aschaffenburg.de\/index.php\/wp-json\/wp\/v2\/pages\/348\/revisions\/700"}],"wp:attachment":[{"href":"https:\/\/www.ligne-roset-aschaffenburg.de\/index.php\/wp-json\/wp\/v2\/media?parent=348"}],"curies":[{"name":"wp","href":"https:\/\/api.w.org\/{rel}","templated":true}]}}