{"id":440,"date":"2017-03-20T07:10:18","date_gmt":"2017-03-20T07:10:18","guid":{"rendered":"http:\/\/www.mihca.net\/?page_id=440"},"modified":"2017-04-04T13:59:59","modified_gmt":"2017-04-04T13:59:59","slug":"leuchten","status":"publish","type":"page","link":"https:\/\/www.ligne-roset-aschaffenburg.de\/index.php\/leuchten\/","title":{"rendered":"Leuchten"},"content":{"rendered":"<div id=\"pl-440\"  class=\"panel-layout\" ><div id=\"pg-440-0\"  class=\"panel-grid panel-has-style\" ><div style=\"padding: 50px 0; \" data-overlay=\"true\" data-overlay-color=\"#000000\" class=\"panel-row-style panel-row-style-for-440-0\" ><div id=\"pgc-440-0-0\"  class=\"panel-grid-cell\" ><div id=\"panel-440-0-0-0\" class=\"so-panel widget widget_text panel-first-child panel-last-child\" data-index=\"0\" ><div style=\"text-align: center;\" data-title-color=\"#443f3f\" data-headings-color=\"#443f3f\" class=\"panel-widget-style panel-widget-style-for-440-0-0-0\" ><h3 class=\"widget-title\">STEHLEUCHTEN<\/h3>\t\t\t<div class=\"textwidget\"><p>Mehr als nur ein dekoratives Accessoire werten Lampen unsere R\u00e4ume auf und beeinflussen sogar unsere Stimmungen. Bevorzugen Sie f\u00fcr eine moderne, sanfte Atmosph\u00e4re die indirekte Beleuchtung einer Designer-Stehleuchte.<\/p>\n<\/div>\n\t\t<\/div><\/div><\/div><div id=\"pgc-440-0-1\"  class=\"panel-grid-cell\" ><div id=\"panel-440-0-1-0\" class=\"so-panel widget widget_text panel-first-child\" data-index=\"1\" ><div style=\"text-align: left;\" data-title-color=\"#443f3f\" data-headings-color=\"#443f3f\" class=\"panel-widget-style panel-widget-style-for-440-0-1-0\" ><h3 class=\"widget-title\">DIMENSIONS<\/h3>\t\t\t<div class=\"textwidget\"><\/div>\n\t\t<\/div><\/div><div id=\"panel-440-0-1-1\" class=\"so-panel widget widget_sow-image panel-last-child\" data-index=\"2\" ><div style=\"text-align: left;\" data-title-color=\"#443f3f\" data-headings-color=\"#443f3f\" class=\"panel-widget-style panel-widget-style-for-440-0-1-1\" ><div\n\t\t\t\n\t\t\tclass=\"so-widget-sow-image so-widget-sow-image-default-17bc2272b535-440\"\n\t\t\t\n\t\t>\n\n<div class=\"sow-image-container\">\n\t\t<img src=\"https:\/\/www.ligne-roset-aschaffenburg.de\/wp-content\/uploads\/2017\/03\/dimensions_stehleuchten_720x393-350x191.jpg\" width=\"350\" height=\"191\" srcset=\"https:\/\/www.ligne-roset-aschaffenburg.de\/wp-content\/uploads\/2017\/03\/dimensions_stehleuchten_720x393-350x191.jpg 350w, https:\/\/www.ligne-roset-aschaffenburg.de\/wp-content\/uploads\/2017\/03\/dimensions_stehleuchten_720x393-300x164.jpg 300w, https:\/\/www.ligne-roset-aschaffenburg.de\/wp-content\/uploads\/2017\/03\/dimensions_stehleuchten_720x393-230x126.jpg 230w, https:\/\/www.ligne-roset-aschaffenburg.de\/wp-content\/uploads\/2017\/03\/dimensions_stehleuchten_720x393-480x262.jpg 480w, https:\/\/www.ligne-roset-aschaffenburg.de\/wp-content\/uploads\/2017\/03\/dimensions_stehleuchten_720x393.jpg 720w\" sizes=\"(max-width: 350px) 100vw, 350px\" alt=\"Dimensions Stehleuchte Ligne Roset Studio Aschaffenburg\" loading=\"lazy\" \t\tclass=\"so-widget-image\"\/>\n\t<\/div>\n\n<\/div><\/div><\/div><\/div><\/div><\/div><div id=\"pg-440-1\"  class=\"panel-grid panel-has-style\" ><div style=\"padding: 100px 0; \" data-overlay=\"true\" data-overlay-color=\"#000000\" class=\"panel-row-style panel-row-style-for-440-1\" ><div id=\"pgc-440-1-0\"  class=\"panel-grid-cell\" ><div id=\"panel-440-1-0-0\" class=\"so-panel widget widget_text panel-first-child\" data-index=\"3\" ><div style=\"text-align: left;\" data-title-color=\"#443f3f\" data-headings-color=\"#443f3f\" class=\"panel-widget-style panel-widget-style-for-440-1-0-0\" ><h3 class=\"widget-title\">BRASS BELL<\/h3>\t\t\t<div class=\"textwidget\"><\/div>\n\t\t<\/div><\/div><div id=\"panel-440-1-0-1\" class=\"so-panel widget widget_sow-image panel-last-child\" data-index=\"4\" ><div style=\"text-align: left;\" data-title-color=\"#443f3f\" data-headings-color=\"#443f3f\" class=\"panel-widget-style panel-widget-style-for-440-1-0-1\" ><div\n\t\t\t\n\t\t\tclass=\"so-widget-sow-image so-widget-sow-image-default-17bc2272b535-440\"\n\t\t\t\n\t\t>\n\n<div class=\"sow-image-container\">\n\t\t<img src=\"https:\/\/www.ligne-roset-aschaffenburg.de\/wp-content\/uploads\/2017\/03\/brass_bell_h__ngeleuchten_720x393-350x191.jpg\" width=\"350\" height=\"191\" srcset=\"https:\/\/www.ligne-roset-aschaffenburg.de\/wp-content\/uploads\/2017\/03\/brass_bell_h__ngeleuchten_720x393-350x191.jpg 350w, https:\/\/www.ligne-roset-aschaffenburg.de\/wp-content\/uploads\/2017\/03\/brass_bell_h__ngeleuchten_720x393-300x164.jpg 300w, https:\/\/www.ligne-roset-aschaffenburg.de\/wp-content\/uploads\/2017\/03\/brass_bell_h__ngeleuchten_720x393-230x126.jpg 230w, https:\/\/www.ligne-roset-aschaffenburg.de\/wp-content\/uploads\/2017\/03\/brass_bell_h__ngeleuchten_720x393-480x262.jpg 480w, https:\/\/www.ligne-roset-aschaffenburg.de\/wp-content\/uploads\/2017\/03\/brass_bell_h__ngeleuchten_720x393.jpg 720w\" sizes=\"(max-width: 350px) 100vw, 350px\" alt=\"Brass Bell Ligne Roset Studio Aschaffenburg\" loading=\"lazy\" \t\tclass=\"so-widget-image\"\/>\n\t<\/div>\n\n<\/div><\/div><\/div><\/div><div id=\"pgc-440-1-1\"  class=\"panel-grid-cell\" ><div id=\"panel-440-1-1-0\" class=\"so-panel widget widget_text panel-first-child panel-last-child\" data-index=\"5\" ><div style=\"text-align: center;\" data-title-color=\"#443f3f\" data-headings-color=\"#443f3f\" class=\"panel-widget-style panel-widget-style-for-440-1-1-0\" ><h3 class=\"widget-title\">H\u00c4NGELEUCHTEN<\/h3>\t\t\t<div class=\"textwidget\"><p>Minimalistisch, barock, geometrisch oder phantasievoll \u2013 die H\u00e4ngelampen von Ligne Roset stechen hervor durch ihr modernes und anspruchsvolles Design. Entscheiden Sie sich f\u00fcr unsere zeitgem\u00e4\u00dfen Beleuchtungssysteme: H\u00e4ngelampen, Deckenlampen oder Lampenschirme.<\/p>\n<\/div>\n\t\t<\/div><\/div><\/div><\/div><\/div><div id=\"pg-440-2\"  class=\"panel-grid panel-has-style\" ><div style=\"padding: 100px 0; \" data-overlay=\"true\" data-overlay-color=\"#000000\" class=\"panel-row-style panel-row-style-for-440-2\" ><div id=\"pgc-440-2-0\"  class=\"panel-grid-cell\" ><div id=\"panel-440-2-0-0\" class=\"so-panel widget widget_text panel-first-child panel-last-child\" data-index=\"6\" ><div style=\"text-align: center;\" data-title-color=\"#443f3f\" data-headings-color=\"#443f3f\" class=\"panel-widget-style panel-widget-style-for-440-2-0-0\" ><h3 class=\"widget-title\">TISCHLEUCHTEN<\/h3>\t\t\t<div class=\"textwidget\"><p>Grafische Linien, ein moderner Geist: Tischlampen von Ligne Roset bieten eine intime und warme Beleuchtung. Modulieren Sie die Stimmung Ihres Innenraums mit einer Luxus-Stehlampe oder einem Designer-Nachtlicht.<\/p>\n<\/div>\n\t\t<\/div><\/div><\/div><div id=\"pgc-440-2-1\"  class=\"panel-grid-cell\" ><div id=\"panel-440-2-1-0\" class=\"so-panel widget widget_text panel-first-child\" data-index=\"7\" ><div style=\"text-align: left;\" data-title-color=\"#443f3f\" data-headings-color=\"#443f3f\" class=\"panel-widget-style panel-widget-style-for-440-2-1-0\" ><h3 class=\"widget-title\">GELATO<\/h3>\t\t\t<div class=\"textwidget\"><\/div>\n\t\t<\/div><\/div><div id=\"panel-440-2-1-1\" class=\"so-panel widget widget_sow-image panel-last-child\" data-index=\"8\" ><div style=\"text-align: left;\" data-title-color=\"#443f3f\" data-headings-color=\"#443f3f\" class=\"panel-widget-style panel-widget-style-for-440-2-1-1\" ><div\n\t\t\t\n\t\t\tclass=\"so-widget-sow-image so-widget-sow-image-default-17bc2272b535-440\"\n\t\t\t\n\t\t>\n\n<div class=\"sow-image-container\">\n\t\t<img src=\"https:\/\/www.ligne-roset-aschaffenburg.de\/wp-content\/uploads\/2017\/03\/gelato_tischleuchten_720x393-350x191.jpg\" width=\"350\" height=\"191\" srcset=\"https:\/\/www.ligne-roset-aschaffenburg.de\/wp-content\/uploads\/2017\/03\/gelato_tischleuchten_720x393-350x191.jpg 350w, https:\/\/www.ligne-roset-aschaffenburg.de\/wp-content\/uploads\/2017\/03\/gelato_tischleuchten_720x393-300x164.jpg 300w, https:\/\/www.ligne-roset-aschaffenburg.de\/wp-content\/uploads\/2017\/03\/gelato_tischleuchten_720x393-230x126.jpg 230w, https:\/\/www.ligne-roset-aschaffenburg.de\/wp-content\/uploads\/2017\/03\/gelato_tischleuchten_720x393-480x262.jpg 480w, https:\/\/www.ligne-roset-aschaffenburg.de\/wp-content\/uploads\/2017\/03\/gelato_tischleuchten_720x393.jpg 720w\" sizes=\"(max-width: 350px) 100vw, 350px\" alt=\"Galato Tischleuchte Ligne Roset Studio Aschaffenburg\" loading=\"lazy\" \t\tclass=\"so-widget-image\"\/>\n\t<\/div>\n\n<\/div><\/div><\/div><\/div><\/div><\/div><\/div>","protected":false},"excerpt":{"rendered":"<p>Mehr als nur ein dekoratives Accessoire werten Lampen unsere R\u00e4ume auf und beeinflussen sogar unsere Stimmungen. Bevorzugen Sie f\u00fcr eine moderne, sanfte [&hellip;]<\/p>\n","protected":false},"author":1,"featured_media":0,"parent":0,"menu_order":0,"comment_status":"closed","ping_status":"closed","template":"page-templates\/page_fullwidth.php","meta":[],"yoast_head":"<!-- This site is optimized with the Yoast SEO plugin v19.9 - https:\/\/yoast.com\/wordpress\/plugins\/seo\/ -->\n<title>Leuchten | Ligne Roset Studio Aschaffenburg<\/title>\n<meta name=\"robots\" content=\"index, follow, max-snippet:-1, max-image-preview:large, max-video-preview:-1\" \/>\n<link rel=\"canonical\" href=\"https:\/\/www.ligne-roset-aschaffenburg.de\/index.php\/leuchten\/\" \/>\n<meta property=\"og:locale\" content=\"de_DE\" \/>\n<meta property=\"og:type\" content=\"article\" \/>\n<meta property=\"og:title\" content=\"Leuchten | Ligne Roset Studio Aschaffenburg\" \/>\n<meta property=\"og:description\" content=\"Mehr als nur ein dekoratives Accessoire werten Lampen unsere R\u00e4ume auf und beeinflussen sogar unsere Stimmungen. Bevorzugen Sie f\u00fcr eine moderne, sanfte [&hellip;]\" \/>\n<meta property=\"og:url\" content=\"https:\/\/www.ligne-roset-aschaffenburg.de\/index.php\/leuchten\/\" \/>\n<meta property=\"og:site_name\" content=\"Ligne Roset\" \/>\n<meta property=\"article:modified_time\" content=\"2017-04-04T13:59:59+00:00\" \/>\n<meta property=\"og:image\" content=\"http:\/\/www.ligne-roset-aschaffenburg.de\/wp-content\/uploads\/2017\/03\/dimensions_stehleuchten_720x393-350x191.jpg\" \/>\n<meta name=\"twitter:card\" content=\"summary_large_image\" \/>\n<script type=\"application\/ld+json\" class=\"yoast-schema-graph\">{\"@context\":\"https:\/\/schema.org\",\"@graph\":[{\"@type\":\"WebPage\",\"@id\":\"https:\/\/www.ligne-roset-aschaffenburg.de\/index.php\/leuchten\/\",\"url\":\"https:\/\/www.ligne-roset-aschaffenburg.de\/index.php\/leuchten\/\",\"name\":\"Leuchten | Ligne Roset Studio Aschaffenburg\",\"isPartOf\":{\"@id\":\"https:\/\/www.ligne-roset-aschaffenburg.de\/#website\"},\"datePublished\":\"2017-03-20T07:10:18+00:00\",\"dateModified\":\"2017-04-04T13:59:59+00:00\",\"breadcrumb\":{\"@id\":\"https:\/\/www.ligne-roset-aschaffenburg.de\/index.php\/leuchten\/#breadcrumb\"},\"inLanguage\":\"de\",\"potentialAction\":[{\"@type\":\"ReadAction\",\"target\":[\"https:\/\/www.ligne-roset-aschaffenburg.de\/index.php\/leuchten\/\"]}]},{\"@type\":\"BreadcrumbList\",\"@id\":\"https:\/\/www.ligne-roset-aschaffenburg.de\/index.php\/leuchten\/#breadcrumb\",\"itemListElement\":[{\"@type\":\"ListItem\",\"position\":1,\"name\":\"Home\",\"item\":\"https:\/\/www.ligne-roset-aschaffenburg.de\/\"},{\"@type\":\"ListItem\",\"position\":2,\"name\":\"Leuchten\"}]},{\"@type\":\"WebSite\",\"@id\":\"https:\/\/www.ligne-roset-aschaffenburg.de\/#website\",\"url\":\"https:\/\/www.ligne-roset-aschaffenburg.de\/\",\"name\":\"Ligne Roset\",\"description\":\"in Aschaffenburg\",\"potentialAction\":[{\"@type\":\"SearchAction\",\"target\":{\"@type\":\"EntryPoint\",\"urlTemplate\":\"https:\/\/www.ligne-roset-aschaffenburg.de\/?s={search_term_string}\"},\"query-input\":\"required name=search_term_string\"}],\"inLanguage\":\"de\"}]}<\/script>\n<!-- \/ Yoast SEO plugin. -->","yoast_head_json":{"title":"Leuchten | Ligne Roset Studio Aschaffenburg","robots":{"index":"index","follow":"follow","max-snippet":"max-snippet:-1","max-image-preview":"max-image-preview:large","max-video-preview":"max-video-preview:-1"},"canonical":"https:\/\/www.ligne-roset-aschaffenburg.de\/index.php\/leuchten\/","og_locale":"de_DE","og_type":"article","og_title":"Leuchten | Ligne Roset Studio Aschaffenburg","og_description":"Mehr als nur ein dekoratives Accessoire werten Lampen unsere R\u00e4ume auf und beeinflussen sogar unsere Stimmungen. Bevorzugen Sie f\u00fcr eine moderne, sanfte [&hellip;]","og_url":"https:\/\/www.ligne-roset-aschaffenburg.de\/index.php\/leuchten\/","og_site_name":"Ligne Roset","article_modified_time":"2017-04-04T13:59:59+00:00","og_image":[{"url":"http:\/\/www.ligne-roset-aschaffenburg.de\/wp-content\/uploads\/2017\/03\/dimensions_stehleuchten_720x393-350x191.jpg"}],"twitter_card":"summary_large_image","schema":{"@context":"https:\/\/schema.org","@graph":[{"@type":"WebPage","@id":"https:\/\/www.ligne-roset-aschaffenburg.de\/index.php\/leuchten\/","url":"https:\/\/www.ligne-roset-aschaffenburg.de\/index.php\/leuchten\/","name":"Leuchten | Ligne Roset Studio Aschaffenburg","isPartOf":{"@id":"https:\/\/www.ligne-roset-aschaffenburg.de\/#website"},"datePublished":"2017-03-20T07:10:18+00:00","dateModified":"2017-04-04T13:59:59+00:00","breadcrumb":{"@id":"https:\/\/www.ligne-roset-aschaffenburg.de\/index.php\/leuchten\/#breadcrumb"},"inLanguage":"de","potentialAction":[{"@type":"ReadAction","target":["https:\/\/www.ligne-roset-aschaffenburg.de\/index.php\/leuchten\/"]}]},{"@type":"BreadcrumbList","@id":"https:\/\/www.ligne-roset-aschaffenburg.de\/index.php\/leuchten\/#breadcrumb","itemListElement":[{"@type":"ListItem","position":1,"name":"Home","item":"https:\/\/www.ligne-roset-aschaffenburg.de\/"},{"@type":"ListItem","position":2,"name":"Leuchten"}]},{"@type":"WebSite","@id":"https:\/\/www.ligne-roset-aschaffenburg.de\/#website","url":"https:\/\/www.ligne-roset-aschaffenburg.de\/","name":"Ligne Roset","description":"in Aschaffenburg","potentialAction":[{"@type":"SearchAction","target":{"@type":"EntryPoint","urlTemplate":"https:\/\/www.ligne-roset-aschaffenburg.de\/?s={search_term_string}"},"query-input":"required name=search_term_string"}],"inLanguage":"de"}]}},"_links":{"self":[{"href":"https:\/\/www.ligne-roset-aschaffenburg.de\/index.php\/wp-json\/wp\/v2\/pages\/440"}],"collection":[{"href":"https:\/\/www.ligne-roset-aschaffenburg.de\/index.php\/wp-json\/wp\/v2\/pages"}],"about":[{"href":"https:\/\/www.ligne-roset-aschaffenburg.de\/index.php\/wp-json\/wp\/v2\/types\/page"}],"author":[{"embeddable":true,"href":"https:\/\/www.ligne-roset-aschaffenburg.de\/index.php\/wp-json\/wp\/v2\/users\/1"}],"replies":[{"embeddable":true,"href":"https:\/\/www.ligne-roset-aschaffenburg.de\/index.php\/wp-json\/wp\/v2\/comments?post=440"}],"version-history":[{"count":6,"href":"https:\/\/www.ligne-roset-aschaffenburg.de\/index.php\/wp-json\/wp\/v2\/pages\/440\/revisions"}],"predecessor-version":[{"id":703,"href":"https:\/\/www.ligne-roset-aschaffenburg.de\/index.php\/wp-json\/wp\/v2\/pages\/440\/revisions\/703"}],"wp:attachment":[{"href":"https:\/\/www.ligne-roset-aschaffenburg.de\/index.php\/wp-json\/wp\/v2\/media?parent=440"}],"curies":[{"name":"wp","href":"https:\/\/api.w.org\/{rel}","templated":true}]}}