{"id":500,"date":"2017-03-23T12:41:37","date_gmt":"2017-03-23T12:41:37","guid":{"rendered":"http:\/\/www.mihca.net\/?page_id=500"},"modified":"2017-06-27T13:19:39","modified_gmt":"2017-06-27T13:19:39","slug":"ueber-uns","status":"publish","type":"page","link":"https:\/\/www.ligne-roset-aschaffenburg.de\/index.php\/ueber-uns\/","title":{"rendered":"\u00dcber uns"},"content":{"rendered":"<div id=\"pl-500\"  class=\"panel-layout\" ><div id=\"pg-500-0\"  class=\"panel-grid panel-has-style\" ><div class=\"siteorigin-panels-stretch panel-row-style panel-row-style-for-500-0\" style=\"padding: 100px 0; \" data-stretch-type=\"full\" data-overlay=\"true\" data-overlay-color=\"#000000\" ><div id=\"pgc-500-0-0\"  class=\"panel-grid-cell\" ><div id=\"panel-500-0-0-0\" class=\"so-panel widget widget_sow-editor panel-first-child panel-last-child\" data-index=\"0\" ><div style=\"text-align: left;\" data-title-color=\"#443f3f\" data-headings-color=\"#443f3f\" class=\"panel-widget-style panel-widget-style-for-500-0-0-0\" ><div\n\t\t\t\n\t\t\tclass=\"so-widget-sow-editor so-widget-sow-editor-base\"\n\t\t\t\n\t\t>\n<div class=\"siteorigin-widget-tinymce textwidget\">\n\t<h1 style=\"text-align: center;\"><span style=\"font-size: 24pt; color: #000000;\"><strong>Setzten Sie hohe Erwartungen<\/strong>! Wir werden Sie begeistern!<\/span><\/h1>\n<p style=\"text-align: center;\"><span style=\"color: #000000;\">\u00a0<\/span><\/p>\n<p style=\"text-align: center;\"><span style=\"font-size: 18pt; color: #000000;\">In unserem \"Ligne Roset\" - Studio in Aschaffenburg zeigen wir eine gro\u00dfe Bandbreite, von den neuesten und popul\u00e4rsten Produkten bis hin zu Klassikern. Ihre W\u00fcnsche zum Thema \u201edesignorientiertes Wohnen\u201c, Markenm\u00f6bel und Produkte namhafter M\u00f6belhersteller werden bei uns im M\u00f6belhaus erf\u00fcllt.<\/span><\/p>\n<\/div>\n<\/div><\/div><\/div><\/div><\/div><\/div><div id=\"pg-500-1\"  class=\"panel-grid panel-has-style\" ><div class=\"siteorigin-panels-stretch panel-row-style panel-row-style-for-500-1\" style=\"padding: 100px 0; \" data-stretch-type=\"full\" data-overlay=\"true\" data-overlay-color=\"#000000\" ><div id=\"pgc-500-1-0\"  class=\"panel-grid-cell\" ><div id=\"panel-500-1-0-0\" class=\"so-panel widget widget_sow-image panel-first-child panel-last-child\" data-index=\"1\" ><div style=\"text-align: left;\" data-title-color=\"#443f3f\" data-headings-color=\"#443f3f\" class=\"panel-widget-style panel-widget-style-for-500-1-0-0\" ><div\n\t\t\t\n\t\t\tclass=\"so-widget-sow-image so-widget-sow-image-default-17bc2272b535-500\"\n\t\t\t\n\t\t>\n\n<div class=\"sow-image-container\">\n\t\t<img src=\"https:\/\/www.ligne-roset-aschaffenburg.de\/wp-content\/uploads\/2017\/03\/Schoener_Wohnen_Top-Fachhaendler_2017-230x324.jpg\" width=\"230\" height=\"324\" srcset=\"https:\/\/www.ligne-roset-aschaffenburg.de\/wp-content\/uploads\/2017\/03\/Schoener_Wohnen_Top-Fachhaendler_2017-230x324.jpg 230w, https:\/\/www.ligne-roset-aschaffenburg.de\/wp-content\/uploads\/2017\/03\/Schoener_Wohnen_Top-Fachhaendler_2017-213x300.jpg 213w, https:\/\/www.ligne-roset-aschaffenburg.de\/wp-content\/uploads\/2017\/03\/Schoener_Wohnen_Top-Fachhaendler_2017-768x1083.jpg 768w, https:\/\/www.ligne-roset-aschaffenburg.de\/wp-content\/uploads\/2017\/03\/Schoener_Wohnen_Top-Fachhaendler_2017-726x1024.jpg 726w, https:\/\/www.ligne-roset-aschaffenburg.de\/wp-content\/uploads\/2017\/03\/Schoener_Wohnen_Top-Fachhaendler_2017-830x1170.jpg 830w, https:\/\/www.ligne-roset-aschaffenburg.de\/wp-content\/uploads\/2017\/03\/Schoener_Wohnen_Top-Fachhaendler_2017-350x493.jpg 350w, https:\/\/www.ligne-roset-aschaffenburg.de\/wp-content\/uploads\/2017\/03\/Schoener_Wohnen_Top-Fachhaendler_2017-480x677.jpg 480w, https:\/\/www.ligne-roset-aschaffenburg.de\/wp-content\/uploads\/2017\/03\/Schoener_Wohnen_Top-Fachhaendler_2017.jpg 851w\" sizes=\"(max-width: 230px) 100vw, 230px\" alt=\"\" loading=\"lazy\" \t\tclass=\"so-widget-image\"\/>\n\t<\/div>\n\n<\/div><\/div><\/div><\/div><div id=\"pgc-500-1-1\"  class=\"panel-grid-cell\" ><div id=\"panel-500-1-1-0\" class=\"so-panel widget widget_sow-editor panel-first-child panel-last-child\" data-index=\"2\" ><div style=\"text-align: left;\" data-title-color=\"#443f3f\" data-headings-color=\"#443f3f\" class=\"panel-widget-style panel-widget-style-for-500-1-1-0\" ><div\n\t\t\t\n\t\t\tclass=\"so-widget-sow-editor so-widget-sow-editor-base\"\n\t\t\t\n\t\t>\n<div class=\"siteorigin-widget-tinymce textwidget\">\n\t<p style=\"text-align: center;\"><span style=\"font-size: 12pt;\"><strong>Unser Ligne Roset Studio z\u00e4hlt zu den Top Fachh\u00e4ndlern in Deutschland<\/strong><\/span><\/p>\n<p style=\"text-align: center;\"><span style=\"font-size: 12pt;\">Die besten Wohnadressen und H\u00e4ndler wurden von SCH\u00d6NER WOHNEN gek\u00fcrt, <\/span><\/p>\n<p style=\"text-align: center;\"><span style=\"font-size: 12pt;\">wir wurden mit unserem Ligne Roset Studio M\u00f6belstudio wurden ausgezeichnet!<\/span><\/p>\n<p style=\"text-align: center;\"><span style=\"font-size: 12pt;\">Bewertet und gek\u00fcrt wurden die besten Einrichtungsh\u00e4user. <\/span><br \/> <span style=\"font-size: 12pt;\">Kriterien waren hierbei nicht nur M\u00f6bel renommierter Marken und Hersteller, <\/span><br \/> <span style=\"font-size: 12pt;\">sondern auch Services wie Planungen von Innenarchitekten und umf\u00e4nglicher Kundenservice.<\/span><\/p>\n<p style=\"text-align: center;\"><span style=\"font-size: 12pt;\">Wir freuen uns auf Ihren Besuch bei uns im M\u00f6belhaus in Aschaffenburg.<\/span><\/p>\n<\/div>\n<\/div><\/div><\/div><\/div><\/div><\/div><div id=\"pg-500-2\"  class=\"panel-grid panel-has-style\" ><div style=\"padding: 0px 0; \" data-overlay=\"true\" data-overlay-color=\"#000000\" class=\"panel-row-style panel-row-style-for-500-2\" ><div id=\"pgc-500-2-0\"  class=\"panel-grid-cell\" ><div id=\"panel-500-2-0-0\" class=\"so-panel widget widget_sow-editor panel-first-child panel-last-child\" data-index=\"3\" ><div style=\"text-align: center;\" data-title-color=\"#443f3f\" data-headings-color=\"#443f3f\" class=\"panel-widget-style panel-widget-style-for-500-2-0-0\" ><div\n\t\t\t\n\t\t\tclass=\"so-widget-sow-editor so-widget-sow-editor-base\"\n\t\t\t\n\t\t>\n<div class=\"siteorigin-widget-tinymce textwidget\">\n\t<h1>Kostenlose Parkpl\u00e4tze vor Ort<\/h1>\n<\/div>\n<\/div><\/div><\/div><\/div><\/div><\/div><\/div>","protected":false},"excerpt":{"rendered":"<p>Setzten Sie hohe Erwartungen! Wir werden Sie begeistern!\u00a0In unserem &#8220;Ligne Roset&#8221; &#8211; Studio in Aschaffenburg zeigen wir eine gro\u00dfe Bandbreite, von den [&hellip;]<\/p>\n","protected":false},"author":1,"featured_media":0,"parent":0,"menu_order":0,"comment_status":"closed","ping_status":"closed","template":"page-templates\/page_fullwidth.php","meta":[],"yoast_head":"<!-- This site is optimized with the Yoast SEO plugin v19.9 - https:\/\/yoast.com\/wordpress\/plugins\/seo\/ -->\n<title>\u00dcber uns | Ligne Roset Studio Aschaffenburg<\/title>\n<meta name=\"robots\" content=\"index, follow, max-snippet:-1, max-image-preview:large, max-video-preview:-1\" \/>\n<link rel=\"canonical\" href=\"https:\/\/www.ligne-roset-aschaffenburg.de\/index.php\/ueber-uns\/\" \/>\n<meta property=\"og:locale\" content=\"de_DE\" \/>\n<meta property=\"og:type\" content=\"article\" \/>\n<meta property=\"og:title\" content=\"\u00dcber uns | Ligne Roset Studio Aschaffenburg\" \/>\n<meta property=\"og:description\" content=\"Setzten Sie hohe Erwartungen! Wir werden Sie begeistern!\u00a0In unserem &quot;Ligne Roset&quot; - Studio in Aschaffenburg zeigen wir eine gro\u00dfe Bandbreite, von den [&hellip;]\" \/>\n<meta property=\"og:url\" content=\"https:\/\/www.ligne-roset-aschaffenburg.de\/index.php\/ueber-uns\/\" \/>\n<meta property=\"og:site_name\" content=\"Ligne Roset\" \/>\n<meta property=\"article:modified_time\" content=\"2017-06-27T13:19:39+00:00\" \/>\n<meta property=\"og:image\" content=\"http:\/\/www.ligne-roset-aschaffenburg.de\/wp-content\/uploads\/2017\/03\/Schoener_Wohnen_Top-Fachhaendler_2017-230x324.jpg\" \/>\n<meta name=\"twitter:card\" content=\"summary_large_image\" \/>\n<meta name=\"twitter:label1\" content=\"Gesch\u00e4tzte Lesezeit\" \/>\n\t<meta name=\"twitter:data1\" content=\"1\u00a0Minute\" \/>\n<script type=\"application\/ld+json\" class=\"yoast-schema-graph\">{\"@context\":\"https:\/\/schema.org\",\"@graph\":[{\"@type\":\"WebPage\",\"@id\":\"https:\/\/www.ligne-roset-aschaffenburg.de\/index.php\/ueber-uns\/\",\"url\":\"https:\/\/www.ligne-roset-aschaffenburg.de\/index.php\/ueber-uns\/\",\"name\":\"\u00dcber uns | Ligne Roset Studio Aschaffenburg\",\"isPartOf\":{\"@id\":\"https:\/\/www.ligne-roset-aschaffenburg.de\/#website\"},\"datePublished\":\"2017-03-23T12:41:37+00:00\",\"dateModified\":\"2017-06-27T13:19:39+00:00\",\"breadcrumb\":{\"@id\":\"https:\/\/www.ligne-roset-aschaffenburg.de\/index.php\/ueber-uns\/#breadcrumb\"},\"inLanguage\":\"de\",\"potentialAction\":[{\"@type\":\"ReadAction\",\"target\":[\"https:\/\/www.ligne-roset-aschaffenburg.de\/index.php\/ueber-uns\/\"]}]},{\"@type\":\"BreadcrumbList\",\"@id\":\"https:\/\/www.ligne-roset-aschaffenburg.de\/index.php\/ueber-uns\/#breadcrumb\",\"itemListElement\":[{\"@type\":\"ListItem\",\"position\":1,\"name\":\"Home\",\"item\":\"https:\/\/www.ligne-roset-aschaffenburg.de\/\"},{\"@type\":\"ListItem\",\"position\":2,\"name\":\"\u00dcber uns\"}]},{\"@type\":\"WebSite\",\"@id\":\"https:\/\/www.ligne-roset-aschaffenburg.de\/#website\",\"url\":\"https:\/\/www.ligne-roset-aschaffenburg.de\/\",\"name\":\"Ligne Roset\",\"description\":\"in Aschaffenburg\",\"potentialAction\":[{\"@type\":\"SearchAction\",\"target\":{\"@type\":\"EntryPoint\",\"urlTemplate\":\"https:\/\/www.ligne-roset-aschaffenburg.de\/?s={search_term_string}\"},\"query-input\":\"required name=search_term_string\"}],\"inLanguage\":\"de\"}]}<\/script>\n<!-- \/ Yoast SEO plugin. -->","yoast_head_json":{"title":"\u00dcber uns | Ligne Roset Studio Aschaffenburg","robots":{"index":"index","follow":"follow","max-snippet":"max-snippet:-1","max-image-preview":"max-image-preview:large","max-video-preview":"max-video-preview:-1"},"canonical":"https:\/\/www.ligne-roset-aschaffenburg.de\/index.php\/ueber-uns\/","og_locale":"de_DE","og_type":"article","og_title":"\u00dcber uns | Ligne Roset Studio Aschaffenburg","og_description":"Setzten Sie hohe Erwartungen! Wir werden Sie begeistern!\u00a0In unserem \"Ligne Roset\" - Studio in Aschaffenburg zeigen wir eine gro\u00dfe Bandbreite, von den [&hellip;]","og_url":"https:\/\/www.ligne-roset-aschaffenburg.de\/index.php\/ueber-uns\/","og_site_name":"Ligne Roset","article_modified_time":"2017-06-27T13:19:39+00:00","og_image":[{"url":"http:\/\/www.ligne-roset-aschaffenburg.de\/wp-content\/uploads\/2017\/03\/Schoener_Wohnen_Top-Fachhaendler_2017-230x324.jpg"}],"twitter_card":"summary_large_image","twitter_misc":{"Gesch\u00e4tzte Lesezeit":"1\u00a0Minute"},"schema":{"@context":"https:\/\/schema.org","@graph":[{"@type":"WebPage","@id":"https:\/\/www.ligne-roset-aschaffenburg.de\/index.php\/ueber-uns\/","url":"https:\/\/www.ligne-roset-aschaffenburg.de\/index.php\/ueber-uns\/","name":"\u00dcber uns | Ligne Roset Studio Aschaffenburg","isPartOf":{"@id":"https:\/\/www.ligne-roset-aschaffenburg.de\/#website"},"datePublished":"2017-03-23T12:41:37+00:00","dateModified":"2017-06-27T13:19:39+00:00","breadcrumb":{"@id":"https:\/\/www.ligne-roset-aschaffenburg.de\/index.php\/ueber-uns\/#breadcrumb"},"inLanguage":"de","potentialAction":[{"@type":"ReadAction","target":["https:\/\/www.ligne-roset-aschaffenburg.de\/index.php\/ueber-uns\/"]}]},{"@type":"BreadcrumbList","@id":"https:\/\/www.ligne-roset-aschaffenburg.de\/index.php\/ueber-uns\/#breadcrumb","itemListElement":[{"@type":"ListItem","position":1,"name":"Home","item":"https:\/\/www.ligne-roset-aschaffenburg.de\/"},{"@type":"ListItem","position":2,"name":"\u00dcber uns"}]},{"@type":"WebSite","@id":"https:\/\/www.ligne-roset-aschaffenburg.de\/#website","url":"https:\/\/www.ligne-roset-aschaffenburg.de\/","name":"Ligne Roset","description":"in Aschaffenburg","potentialAction":[{"@type":"SearchAction","target":{"@type":"EntryPoint","urlTemplate":"https:\/\/www.ligne-roset-aschaffenburg.de\/?s={search_term_string}"},"query-input":"required name=search_term_string"}],"inLanguage":"de"}]}},"_links":{"self":[{"href":"https:\/\/www.ligne-roset-aschaffenburg.de\/index.php\/wp-json\/wp\/v2\/pages\/500"}],"collection":[{"href":"https:\/\/www.ligne-roset-aschaffenburg.de\/index.php\/wp-json\/wp\/v2\/pages"}],"about":[{"href":"https:\/\/www.ligne-roset-aschaffenburg.de\/index.php\/wp-json\/wp\/v2\/types\/page"}],"author":[{"embeddable":true,"href":"https:\/\/www.ligne-roset-aschaffenburg.de\/index.php\/wp-json\/wp\/v2\/users\/1"}],"replies":[{"embeddable":true,"href":"https:\/\/www.ligne-roset-aschaffenburg.de\/index.php\/wp-json\/wp\/v2\/comments?post=500"}],"version-history":[{"count":20,"href":"https:\/\/www.ligne-roset-aschaffenburg.de\/index.php\/wp-json\/wp\/v2\/pages\/500\/revisions"}],"predecessor-version":[{"id":807,"href":"https:\/\/www.ligne-roset-aschaffenburg.de\/index.php\/wp-json\/wp\/v2\/pages\/500\/revisions\/807"}],"wp:attachment":[{"href":"https:\/\/www.ligne-roset-aschaffenburg.de\/index.php\/wp-json\/wp\/v2\/media?parent=500"}],"curies":[{"name":"wp","href":"https:\/\/api.w.org\/{rel}","templated":true}]}}