{"id":70,"date":"2017-03-06T15:30:43","date_gmt":"2017-03-06T15:30:43","guid":{"rendered":"http:\/\/www.mihca.net\/?page_id=70"},"modified":"2023-05-11T14:59:48","modified_gmt":"2023-05-11T13:59:48","slug":"impressum","status":"publish","type":"page","link":"https:\/\/www.ligne-roset-aschaffenburg.de\/index.php\/impressum\/","title":{"rendered":"Impressum"},"content":{"rendered":"<div id=\"pl-70\"  class=\"panel-layout\" ><div id=\"pg-70-0\"  class=\"panel-grid panel-has-style\" ><div style=\"padding: 30px 0; \" data-overlay=\"true\" data-overlay-color=\"#000000\" class=\"panel-row-style panel-row-style-for-70-0\" ><div id=\"pgc-70-0-0\"  class=\"panel-grid-cell\" ><div id=\"panel-70-0-0-0\" class=\"so-panel widget widget_sow-editor panel-first-child panel-last-child\" data-index=\"0\" ><div style=\"text-align: left;\" data-title-color=\"#443f3f\" data-headings-color=\"#443f3f\" class=\"panel-widget-style panel-widget-style-for-70-0-0-0\" ><div\n\t\t\t\n\t\t\tclass=\"so-widget-sow-editor so-widget-sow-editor-base\"\n\t\t\t\n\t\t><h3 class=\"widget-title\">Impressum<\/h3>\n<div class=\"siteorigin-widget-tinymce textwidget\">\n\t<table class=\" aligncenter\" style=\"border: 0px #6200ff; height: 159px; width: 1070px; border-color: #000000;\" border=\"0\">\n<tbody>\n<tr style=\"height: 160px;\">\n<td style=\"width: 349px; height: 160px; border-color: #dd8585; text-align: center;\"><span style=\"font-size: 14pt;\"><strong>Wohnconcept-Planungs- und Vertriebs-GmbH<\/strong><\/span><\/td>\n<\/tr>\n<\/tbody>\n<\/table>\n<p>Wermbachstrasse\u00a048<\/p>\n<p>63739 - Aschaffenburg<\/p>\n<p style=\"text-align: center;\"><span style=\"font-size: 14pt;\"><strong>Gesch\u00e4ftsf\u00fchrer:<\/strong><\/span><\/p>\n<p>Michael Joachimi<\/p>\n<p><span style=\"font-size: 14pt;\"><strong>\u00d6ffnungszeiten:<\/strong><\/span><\/p>\n<p><strong>Montag: <\/strong>auf Anfrage \/ Termin<\/p>\n<p><strong>Dienstag bis Freitag:<\/strong> 10-18:30 Uhr<\/p>\n<p><strong>Samstag:<\/strong> 10-16 Uhr<\/p>\n<p><strong>Telefon:<\/strong>\u00a006021 3015-300<\/p>\n<p><strong>Telefax:<\/strong> 06021 3015-303<\/p>\n<p><strong>E-Mail:<\/strong> info@ligne-roset-aschaffenburg.de<\/p>\n<p><strong>Handelsregister:<\/strong> Amtsgericht Aschaffenburg HRB 6923<\/p>\n<\/div>\n<\/div><\/div><\/div><\/div><\/div><\/div><\/div>","protected":false},"excerpt":{"rendered":"<p>Wohnconcept-Planungs- und Vertriebs-GmbH Wermbachstrasse\u00a048 63739 &#8211; Aschaffenburg Gesch\u00e4ftsf\u00fchrer: Michael Joachimi \u00d6ffnungszeiten: Montag: auf Anfrage \/ Termin Dienstag bis Freitag: 10-18:30 Uhr Samstag: [&hellip;]<\/p>\n","protected":false},"author":1,"featured_media":0,"parent":0,"menu_order":0,"comment_status":"closed","ping_status":"closed","template":"page-templates\/page_fullwidth.php","meta":[],"yoast_head":"<!-- This site is optimized with the Yoast SEO plugin v19.9 - https:\/\/yoast.com\/wordpress\/plugins\/seo\/ -->\n<title>Impressum | Ligne Roset Studio Aschaffenburg<\/title>\n<meta name=\"robots\" content=\"index, follow, max-snippet:-1, max-image-preview:large, max-video-preview:-1\" \/>\n<link rel=\"canonical\" href=\"https:\/\/www.ligne-roset-aschaffenburg.de\/index.php\/impressum\/\" \/>\n<meta property=\"og:locale\" content=\"de_DE\" \/>\n<meta property=\"og:type\" content=\"article\" \/>\n<meta property=\"og:title\" content=\"Impressum | Ligne Roset Studio Aschaffenburg\" \/>\n<meta property=\"og:description\" content=\"Wohnconcept-Planungs- und Vertriebs-GmbH Wermbachstrasse\u00a048 63739 - Aschaffenburg Gesch\u00e4ftsf\u00fchrer: Michael Joachimi \u00d6ffnungszeiten: Montag: auf Anfrage \/ Termin Dienstag bis Freitag: 10-18:30 Uhr Samstag: [&hellip;]\" \/>\n<meta property=\"og:url\" content=\"https:\/\/www.ligne-roset-aschaffenburg.de\/index.php\/impressum\/\" \/>\n<meta property=\"og:site_name\" content=\"Ligne Roset\" \/>\n<meta property=\"article:modified_time\" content=\"2023-05-11T13:59:48+00:00\" \/>\n<meta name=\"twitter:card\" content=\"summary_large_image\" \/>\n<meta name=\"twitter:label1\" content=\"Gesch\u00e4tzte Lesezeit\" \/>\n\t<meta name=\"twitter:data1\" content=\"1\u00a0Minute\" \/>\n<script type=\"application\/ld+json\" class=\"yoast-schema-graph\">{\"@context\":\"https:\/\/schema.org\",\"@graph\":[{\"@type\":\"WebPage\",\"@id\":\"https:\/\/www.ligne-roset-aschaffenburg.de\/index.php\/impressum\/\",\"url\":\"https:\/\/www.ligne-roset-aschaffenburg.de\/index.php\/impressum\/\",\"name\":\"Impressum | Ligne Roset Studio Aschaffenburg\",\"isPartOf\":{\"@id\":\"https:\/\/www.ligne-roset-aschaffenburg.de\/#website\"},\"datePublished\":\"2017-03-06T15:30:43+00:00\",\"dateModified\":\"2023-05-11T13:59:48+00:00\",\"breadcrumb\":{\"@id\":\"https:\/\/www.ligne-roset-aschaffenburg.de\/index.php\/impressum\/#breadcrumb\"},\"inLanguage\":\"de\",\"potentialAction\":[{\"@type\":\"ReadAction\",\"target\":[\"https:\/\/www.ligne-roset-aschaffenburg.de\/index.php\/impressum\/\"]}]},{\"@type\":\"BreadcrumbList\",\"@id\":\"https:\/\/www.ligne-roset-aschaffenburg.de\/index.php\/impressum\/#breadcrumb\",\"itemListElement\":[{\"@type\":\"ListItem\",\"position\":1,\"name\":\"Home\",\"item\":\"https:\/\/www.ligne-roset-aschaffenburg.de\/\"},{\"@type\":\"ListItem\",\"position\":2,\"name\":\"Impressum\"}]},{\"@type\":\"WebSite\",\"@id\":\"https:\/\/www.ligne-roset-aschaffenburg.de\/#website\",\"url\":\"https:\/\/www.ligne-roset-aschaffenburg.de\/\",\"name\":\"Ligne Roset\",\"description\":\"in Aschaffenburg\",\"potentialAction\":[{\"@type\":\"SearchAction\",\"target\":{\"@type\":\"EntryPoint\",\"urlTemplate\":\"https:\/\/www.ligne-roset-aschaffenburg.de\/?s={search_term_string}\"},\"query-input\":\"required name=search_term_string\"}],\"inLanguage\":\"de\"}]}<\/script>\n<!-- \/ Yoast SEO plugin. -->","yoast_head_json":{"title":"Impressum | Ligne Roset Studio Aschaffenburg","robots":{"index":"index","follow":"follow","max-snippet":"max-snippet:-1","max-image-preview":"max-image-preview:large","max-video-preview":"max-video-preview:-1"},"canonical":"https:\/\/www.ligne-roset-aschaffenburg.de\/index.php\/impressum\/","og_locale":"de_DE","og_type":"article","og_title":"Impressum | Ligne Roset Studio Aschaffenburg","og_description":"Wohnconcept-Planungs- und Vertriebs-GmbH Wermbachstrasse\u00a048 63739 - Aschaffenburg Gesch\u00e4ftsf\u00fchrer: Michael Joachimi \u00d6ffnungszeiten: Montag: auf Anfrage \/ Termin Dienstag bis Freitag: 10-18:30 Uhr Samstag: [&hellip;]","og_url":"https:\/\/www.ligne-roset-aschaffenburg.de\/index.php\/impressum\/","og_site_name":"Ligne Roset","article_modified_time":"2023-05-11T13:59:48+00:00","twitter_card":"summary_large_image","twitter_misc":{"Gesch\u00e4tzte Lesezeit":"1\u00a0Minute"},"schema":{"@context":"https:\/\/schema.org","@graph":[{"@type":"WebPage","@id":"https:\/\/www.ligne-roset-aschaffenburg.de\/index.php\/impressum\/","url":"https:\/\/www.ligne-roset-aschaffenburg.de\/index.php\/impressum\/","name":"Impressum | Ligne Roset Studio Aschaffenburg","isPartOf":{"@id":"https:\/\/www.ligne-roset-aschaffenburg.de\/#website"},"datePublished":"2017-03-06T15:30:43+00:00","dateModified":"2023-05-11T13:59:48+00:00","breadcrumb":{"@id":"https:\/\/www.ligne-roset-aschaffenburg.de\/index.php\/impressum\/#breadcrumb"},"inLanguage":"de","potentialAction":[{"@type":"ReadAction","target":["https:\/\/www.ligne-roset-aschaffenburg.de\/index.php\/impressum\/"]}]},{"@type":"BreadcrumbList","@id":"https:\/\/www.ligne-roset-aschaffenburg.de\/index.php\/impressum\/#breadcrumb","itemListElement":[{"@type":"ListItem","position":1,"name":"Home","item":"https:\/\/www.ligne-roset-aschaffenburg.de\/"},{"@type":"ListItem","position":2,"name":"Impressum"}]},{"@type":"WebSite","@id":"https:\/\/www.ligne-roset-aschaffenburg.de\/#website","url":"https:\/\/www.ligne-roset-aschaffenburg.de\/","name":"Ligne Roset","description":"in Aschaffenburg","potentialAction":[{"@type":"SearchAction","target":{"@type":"EntryPoint","urlTemplate":"https:\/\/www.ligne-roset-aschaffenburg.de\/?s={search_term_string}"},"query-input":"required name=search_term_string"}],"inLanguage":"de"}]}},"_links":{"self":[{"href":"https:\/\/www.ligne-roset-aschaffenburg.de\/index.php\/wp-json\/wp\/v2\/pages\/70"}],"collection":[{"href":"https:\/\/www.ligne-roset-aschaffenburg.de\/index.php\/wp-json\/wp\/v2\/pages"}],"about":[{"href":"https:\/\/www.ligne-roset-aschaffenburg.de\/index.php\/wp-json\/wp\/v2\/types\/page"}],"author":[{"embeddable":true,"href":"https:\/\/www.ligne-roset-aschaffenburg.de\/index.php\/wp-json\/wp\/v2\/users\/1"}],"replies":[{"embeddable":true,"href":"https:\/\/www.ligne-roset-aschaffenburg.de\/index.php\/wp-json\/wp\/v2\/comments?post=70"}],"version-history":[{"count":22,"href":"https:\/\/www.ligne-roset-aschaffenburg.de\/index.php\/wp-json\/wp\/v2\/pages\/70\/revisions"}],"predecessor-version":[{"id":907,"href":"https:\/\/www.ligne-roset-aschaffenburg.de\/index.php\/wp-json\/wp\/v2\/pages\/70\/revisions\/907"}],"wp:attachment":[{"href":"https:\/\/www.ligne-roset-aschaffenburg.de\/index.php\/wp-json\/wp\/v2\/media?parent=70"}],"curies":[{"name":"wp","href":"https:\/\/api.w.org\/{rel}","templated":true}]}}